{"id":238,"date":"2023-01-23T16:39:07","date_gmt":"2023-01-23T16:39:07","guid":{"rendered":"https:\/\/koldrefrigeration.com\/careers\/"},"modified":"2024-11-29T15:35:21","modified_gmt":"2024-11-29T15:35:21","slug":"careers","status":"publish","type":"page","link":"https:\/\/koldrefrigeration.com\/en\/careers\/","title":{"rendered":"Careers"},"content":{"rendered":"<p>[et_pb_section fb_built=&#8221;1&#8243; _builder_version=&#8221;4.19.5&#8243; _module_preset=&#8221;default&#8221; use_background_color_gradient=&#8221;on&#8221; background_color_gradient_stops=&#8221;#0a1b24 0%|#4d6677 100%&#8221; background_color_gradient_start=&#8221;#0a1b24&#8243; background_color_gradient_end=&#8221;#4d6677&#8243; background_enable_image=&#8221;off&#8221; min_height_tablet=&#8221;700px&#8221; min_height_phone=&#8221;&#8221; min_height_last_edited=&#8221;on|phone&#8221; max_height_tablet=&#8221;800px&#8221; max_height_phone=&#8221;&#8221; max_height_last_edited=&#8221;on|tablet&#8221; custom_padding=&#8221;112px||112px||true|&#8221; global_colors_info=&#8221;{}&#8221;][et_pb_row _builder_version=&#8221;4.16&#8243; _module_preset=&#8221;default&#8221; custom_margin=&#8221;-100px||||false|false&#8221; global_colors_info=&#8221;{}&#8221;][et_pb_column type=&#8221;4_4&#8243; _builder_version=&#8221;4.16&#8243; _module_preset=&#8221;default&#8221; global_colors_info=&#8221;{}&#8221;][et_pb_text _builder_version=&#8221;4.19.5&#8243; _module_preset=&#8221;default&#8221; text_font=&#8221;|300|||||||&#8221; text_text_color=&#8221;#FFFFFF&#8221; text_font_size=&#8221;14px&#8221; header_font=&#8221;Roboto|300|||||||&#8221; header_text_color=&#8221;#FFFFFF&#8221; header_font_size=&#8221;14px&#8221; width=&#8221;650px&#8221; width_tablet=&#8221;100%&#8221; width_phone=&#8221;100%&#8221; width_last_edited=&#8221;on|phone&#8221; custom_margin=&#8221;||7px||false|false&#8221; text_font_size_tablet=&#8221;14px&#8221; text_font_size_phone=&#8221;14px&#8221; text_font_size_last_edited=&#8221;on|tablet&#8221; text_line_height_tablet=&#8221;18px&#8221; text_line_height_phone=&#8221;18px&#8221; text_line_height_last_edited=&#8221;on|desktop&#8221; border_width_bottom=&#8221;0px&#8221; border_color_bottom=&#8221;#FFFFFF&#8221; global_colors_info=&#8221;{}&#8221;]<\/p>\n<p>Refrigeration system installation specialist.<\/p>\n<p>[\/et_pb_text][et_pb_text _builder_version=&#8221;4.16&#8243; _module_preset=&#8221;default&#8221; text_text_color=&#8221;#FFFFFF&#8221; text_font_size=&#8221;62px&#8221; text_line_height=&#8221;66px&#8221; header_font=&#8221;Roboto||||||||&#8221; header_text_color=&#8221;#FFFFFF&#8221; header_font_size=&#8221;62px&#8221; header_line_height=&#8221;66px&#8221; max_width_phone=&#8221;90%&#8221; max_width_last_edited=&#8221;off|desktop&#8221; custom_padding=&#8221;18px||18px||true|false&#8221; text_font_size_tablet=&#8221;58px&#8221; text_font_size_phone=&#8221;46px&#8221; text_font_size_last_edited=&#8221;on|phone&#8221; text_line_height_tablet=&#8221;60px&#8221; text_line_height_phone=&#8221;44px&#8221; text_line_height_last_edited=&#8221;on|desktop&#8221; header_font_size_tablet=&#8221;58px&#8221; header_font_size_phone=&#8221;32px&#8221; header_font_size_last_edited=&#8221;on|phone&#8221; header_line_height_tablet=&#8221;60px&#8221; header_line_height_phone=&#8221;36px&#8221; header_line_height_last_edited=&#8221;on|tablet&#8221; border_width_top=&#8221;1px&#8221; border_color_top=&#8221;#FFFFFF&#8221; border_width_bottom=&#8221;1px&#8221; border_color_bottom=&#8221;#FFFFFF&#8221; global_colors_info=&#8221;{}&#8221;]<\/p>\n<h1><em>Be part of our<\/em> <span style=\"font-weight: 800;\"> our multidisciplinary team, specialized in refrigerated equipment.<\/span><\/h1>\n<p>[\/et_pb_text][\/et_pb_column][\/et_pb_row][\/et_pb_section][et_pb_section fb_built=&#8221;1&#8243; _builder_version=&#8221;4.16&#8243; _module_preset=&#8221;default&#8221; custom_padding=&#8221;75px||0px|||&#8221; global_colors_info=&#8221;{}&#8221;][et_pb_row column_structure=&#8221;1_4,3_4&#8243; module_class=&#8221;tablet-two-cols&#8221; _builder_version=&#8221;4.16&#8243; _module_preset=&#8221;default&#8221; custom_margin=&#8221;||75px||false|false&#8221; border_width_bottom=&#8221;1px&#8221; global_colors_info=&#8221;{}&#8221;][et_pb_column type=&#8221;1_4&#8243; _builder_version=&#8221;4.16&#8243; _module_preset=&#8221;default&#8221; global_colors_info=&#8221;{}&#8221;][et_pb_image src=&#8221;https:\/\/koldrefrigeration.com\/wp-content\/uploads\/2023\/01\/carrieres.png&#8221; title_text=&#8221;careers&#8221; _builder_version=&#8221;4.16&#8243; _module_preset=&#8221;default&#8221; width=&#8221;90%&#8221; global_colors_info=&#8221;{}&#8221;][\/et_pb_image][\/et_pb_column][et_pb_column type=&#8221;3_4&#8243; _builder_version=&#8221;4.16&#8243; _module_preset=&#8221;default&#8221; global_colors_info=&#8221;{}&#8221;][et_pb_text _builder_version=&#8221;4.16&#8243; _module_preset=&#8221;default&#8221; text_font=&#8221;||||||||&#8221; text_text_color=&#8221;#0A2938&#8243; text_font_size=&#8221;20px&#8221; width_tablet=&#8221;100%&#8221; width_phone=&#8221;100%&#8221; width_last_edited=&#8221;off|desktop&#8221; custom_margin=&#8221;27px||9px||false|false&#8221; custom_margin_tablet=&#8221;27px||9px||false|false&#8221; custom_margin_phone=&#8221;27px||9px||false|false&#8221; custom_margin_last_edited=&#8221;on|desktop&#8221; global_colors_info=&#8221;{}&#8221;]<strong> Are you looking for a dynamic work environment where your talent and knowledge are appreciated for their true worth and you can find fulfillment every day?  <\/strong><\/p>\n<p>We are always\u00a0looking to discuss your professional goals with you![\/et_pb_text][\/et_pb_column][\/et_pb_row][et_pb_row _builder_version=&#8221;4.16&#8243; _module_preset=&#8221;default&#8221; global_colors_info=&#8221;{}&#8221;][et_pb_column type=&#8221;4_4&#8243; _builder_version=&#8221;4.16&#8243; _module_preset=&#8221;default&#8221; global_colors_info=&#8221;{}&#8221;][et_pb_text _builder_version=&#8221;4.16&#8243; _module_preset=&#8221;default&#8221; text_font=&#8221;|800|||||||&#8221; text_text_color=&#8221;#0A2938&#8243; text_font_size=&#8221;48px&#8221; text_line_height=&#8221;66px&#8221; header_2_font=&#8221;Roboto|900|||||||&#8221; header_2_text_color=&#8221;#0A2938&#8243; header_2_font_size=&#8221;48px&#8221; text_font_size_tablet=&#8221;58px&#8221; text_font_size_phone=&#8221;58px&#8221; text_font_size_last_edited=&#8221;on|phone&#8221; text_line_height_tablet=&#8221;60px&#8221; text_line_height_phone=&#8221;60px&#8221; text_line_height_last_edited=&#8221;on|desktop&#8221; global_colors_info=&#8221;{}&#8221;]<\/p>\n<h2>Refrigeration specialist<\/h2>\n<p>[\/et_pb_text][\/et_pb_column][\/et_pb_row][et_pb_row column_structure=&#8221;1_2,1_2&#8243; module_class=&#8221;tablet-two-cols&#8221; _builder_version=&#8221;4.19.5&#8243; _module_preset=&#8221;default&#8221; custom_padding=&#8221;0px||73px|||&#8221; border_width_bottom=&#8221;1px&#8221; global_colors_info=&#8221;{}&#8221;][et_pb_column type=&#8221;1_2&#8243; _builder_version=&#8221;4.16&#8243; _module_preset=&#8221;default&#8221; global_colors_info=&#8221;{}&#8221;][et_pb_text _builder_version=&#8221;4.19.5&#8243; _module_preset=&#8221;default&#8221; text_font=&#8221;||||||||&#8221; text_text_color=&#8221;#0A2938&#8243; custom_margin=&#8221;||-2px|||&#8221; custom_margin_tablet=&#8221;||50px|||&#8221; custom_margin_phone=&#8221;||10px||false|false&#8221; custom_margin_last_edited=&#8221;on|phone&#8221; global_colors_info=&#8221;{}&#8221;]<\/p>\n<p><strong> What a day with us will look like: <\/strong><\/p>\n<ul>\n<li class=\"li1\">Ensure proper functioning of refrigeration equipment<\/li>\n<li class=\"li1\">Perform general mechanical maintenance and control tasks<\/li>\n<li class=\"li1\">Install condenser and evaporator units, as well as related mechanics and control, by ensuring proper equipment set up and after-sales service, if necessary<\/li>\n<li class=\"li1\">Verify electrical circuits and remotes<\/li>\n<li class=\"li1\">Read technical plans and drawings<\/li>\n<li class=\"li1\">Resolve refrigeration system performance issues and make necessary corrections<\/li>\n<li class=\"li1\">Work alternately in the shop on installations and performing service calls<\/li>\n<\/ul>\n<p>[\/et_pb_text][\/et_pb_column][et_pb_column type=&#8221;1_2&#8243; _builder_version=&#8221;4.16&#8243; _module_preset=&#8221;default&#8221; global_colors_info=&#8221;{}&#8221;][et_pb_text _builder_version=&#8221;4.19.5&#8243; _module_preset=&#8221;default&#8221; text_font=&#8221;||||||||&#8221; text_text_color=&#8221;#0A2938&#8243; custom_margin=&#8221;||50px|||&#8221; custom_margin_tablet=&#8221;||50px|||&#8221; custom_margin_phone=&#8221;||10px||false|false&#8221; custom_margin_last_edited=&#8221;on|phone&#8221; global_colors_info=&#8221;{}&#8221;]<\/p>\n<p><strong style=\"font-size: 16px;\">Required skills and abilities:<\/strong><\/p>\n<p><strong><\/strong><\/p>\n<ul>\n<li class=\"li1\">DEP in refrigeration<\/li>\n<li class=\"li1\">Valid, class 5 driver\u2019s licence<\/li>\n<li class=\"li1\">Experience in driving a trailer<span class=\"Apple-converted-space\">\u00a0<\/span><\/li>\n<li class=\"li1\">Aptitude for manual\/physical labour<span class=\"Apple-converted-space\">\u00a0<\/span><\/li>\n<li class=\"li1\">Autonomous, through initiative and problem-solving<\/li>\n<li class=\"li1\">Positive attitude, team player and courteous manners<span class=\"Apple-converted-space\">\u00a0<\/span><\/li>\n<li class=\"li1\">Interest in customer service<\/li>\n<\/ul>\n<p>[\/et_pb_text][\/et_pb_column][\/et_pb_row][\/et_pb_section][et_pb_section fb_built=&#8221;1&#8243; _builder_version=&#8221;4.19.5&#8243; _module_preset=&#8221;default&#8221; global_colors_info=&#8221;{}&#8221;][et_pb_row _builder_version=&#8221;4.16&#8243; _module_preset=&#8221;default&#8221; global_colors_info=&#8221;{}&#8221;][et_pb_column type=&#8221;4_4&#8243; _builder_version=&#8221;4.16&#8243; _module_preset=&#8221;default&#8221; global_colors_info=&#8221;{}&#8221;][et_pb_text _builder_version=&#8221;4.19.5&#8243; _module_preset=&#8221;default&#8221; text_font=&#8221;|800|||||||&#8221; text_text_color=&#8221;#0A2938&#8243; text_font_size=&#8221;48px&#8221; text_line_height=&#8221;66px&#8221; header_2_font=&#8221;Roboto|900|||||||&#8221; header_2_text_color=&#8221;#0A2938&#8243; header_2_font_size=&#8221;48px&#8221; text_font_size_tablet=&#8221;58px&#8221; text_font_size_phone=&#8221;58px&#8221; text_font_size_last_edited=&#8221;on|phone&#8221; text_line_height_tablet=&#8221;60px&#8221; text_line_height_phone=&#8221;60px&#8221; text_line_height_last_edited=&#8221;on|desktop&#8221; global_colors_info=&#8221;{}&#8221;]<\/p>\n<h2>Apply today!<\/h2>\n<p>[\/et_pb_text][\/et_pb_column][\/et_pb_row][et_pb_row column_structure=&#8221;2_3,1_3&#8243; module_class=&#8221;tablet-two-cols&#8221; _builder_version=&#8221;4.16&#8243; _module_preset=&#8221;default&#8221; custom_padding=&#8221;0px|||||&#8221; global_colors_info=&#8221;{}&#8221;][et_pb_column type=&#8221;2_3&#8243; _builder_version=&#8221;4.16&#8243; _module_preset=&#8221;default&#8221; global_colors_info=&#8221;{}&#8221;][et_pb_text _builder_version=&#8221;4.23&#8243; _module_preset=&#8221;default&#8221; hover_enabled=&#8221;0&#8243; global_colors_info=&#8221;{}&#8221; sticky_enabled=&#8221;0&#8243;]<\/p>\n<div class=\"frm_forms  with_frm_style frm_style_kold\" id=\"frm_form_3_container\" data-token=\"9bec2e75b399e4552c2accd97954d797\">\n<form enctype=\"multipart\/form-data\" method=\"post\" class=\"frm-show-form  frm_pro_form \" id=\"form_5ryad2\" data-token=\"9bec2e75b399e4552c2accd97954d797\">\n<div class=\"frm_form_fields \">\n<fieldset>\n<legend class=\"frm_screen_reader\">carri\u00e8re- eng<\/legend>\r\n\r\n<div class=\"frm_fields_container\">\n<input type=\"hidden\" name=\"frm_action\" value=\"create\" \/>\n<input type=\"hidden\" name=\"form_id\" value=\"3\" \/>\n<input type=\"hidden\" name=\"frm_hide_fields_3\" id=\"frm_hide_fields_3\" value=\"\" \/>\n<input type=\"hidden\" name=\"form_key\" value=\"5ryad2\" \/>\n<input type=\"hidden\" name=\"item_meta[0]\" value=\"\" \/>\n<input type=\"hidden\" id=\"frm_submit_entry_3\" name=\"frm_submit_entry_3\" value=\"09d4e8941e\" \/><input type=\"hidden\" name=\"_wp_http_referer\" value=\"\/en\/wp-json\/wp\/v2\/pages\/238\" \/><div id=\"frm_field_13_container\" class=\"frm_form_field form-field  frm_required_field frm_inside_container frm6 frm_first\">\r\n\t<label for=\"field_3dq9c2\" id=\"field_3dq9c2_label\" class=\"frm_primary_label\">First name\r\n\t\t<span class=\"frm_required\" aria-hidden=\"true\">*<\/span>\r\n\t<\/label>\r\n\t<input type=\"text\" id=\"field_3dq9c2\" name=\"item_meta[13]\" value=\"\"  data-reqmsg=\"First name cannot be blank.\" aria-required=\"true\" data-invmsg=\"First name is invalid\" aria-invalid=\"false\"  \/>\r\n\t\r\n\t\r\n<\/div>\n<div id=\"frm_field_14_container\" class=\"frm_form_field form-field  frm_required_field frm_inside_container frm6\">\r\n\t<label for=\"field_e30af2\" id=\"field_e30af2_label\" class=\"frm_primary_label\">Last name\r\n\t\t<span class=\"frm_required\" aria-hidden=\"true\">*<\/span>\r\n\t<\/label>\r\n\t<input type=\"text\" id=\"field_e30af2\" name=\"item_meta[14]\" value=\"\"  data-reqmsg=\"Last name cannot be blank.\" aria-required=\"true\" data-invmsg=\"Last name is invalid\" aria-invalid=\"false\"  \/>\r\n\t\r\n\t\r\n<\/div>\n<div id=\"frm_field_15_container\" class=\"frm_form_field form-field  frm_required_field frm_inside_container frm6 frm_first\">\r\n\t<label for=\"field_u17ee2\" id=\"field_u17ee2_label\" class=\"frm_primary_label\">Email\r\n\t\t<span class=\"frm_required\" aria-hidden=\"true\">*<\/span>\r\n\t<\/label>\r\n\t<input type=\"email\" id=\"field_u17ee2\" name=\"item_meta[15]\" value=\"\"  data-reqmsg=\"Email cannot be blank.\" aria-required=\"true\" data-invmsg=\"Email is invalid\" aria-invalid=\"false\"  \/>\r\n\t\r\n\t\r\n<\/div>\n<div id=\"frm_field_39_container\" class=\"frm_form_field form-field  frm_inside_container frm6\">\r\n\t<label for=\"field_1h7a6\" id=\"field_1h7a6_label\" class=\"frm_primary_label\">Phone number\r\n\t\t<span class=\"frm_required\" aria-hidden=\"true\"><\/span>\r\n\t<\/label>\r\n\t<input type=\"tel\" id=\"field_1h7a6\" name=\"item_meta[39]\" value=\"\"  data-invmsg=\"Phone number est non valide\" aria-invalid=\"false\" pattern=\"((\\+\\d{1,3}(-|.| )?\\(?\\d\\)?(-| |.)?\\d{1,5})|(\\(?\\d{2,6}\\)?))(-|.| )?(\\d{3,4})(-|.| )?(\\d{4})(( x| ext)\\d{1,5}){0,1}$\"  \/>\r\n\t\r\n\t\r\n<\/div>\n<div id=\"frm_field_17_container\" class=\"frm_form_field form-field  frm_inside_container\">\r\n\t<label for=\"field_3srst2\" id=\"field_3srst2_label\" class=\"frm_primary_label\">Coveted position\r\n\t\t<span class=\"frm_required\" aria-hidden=\"true\"><\/span>\r\n\t<\/label>\r\n\t<input type=\"text\" id=\"field_3srst2\" name=\"item_meta[17]\" value=\"\"  data-invmsg=\"Coveted position is invalid\" aria-invalid=\"false\"  \/>\r\n\t\r\n\t\r\n<\/div>\n<div id=\"frm_field_18_container\" class=\"frm_form_field form-field  frm_top_container\">\r\n\t<label for=\"field_fofdf2\" id=\"field_fofdf2_label\" class=\"frm_primary_label\">Attached a document (CV) \r\n\t\t<span class=\"frm_required\" aria-hidden=\"true\"><\/span>\r\n\t<\/label>\r\n\t<input type=\"hidden\"  data-invmsg=\"Attached a document (CV)  is invalid\" aria-invalid=\"false\"   name=\"item_meta[18]\"  value=\"\" data-frmfile=\"18\" \/>\n\n<div class=\"frm_dropzone frm_single_upload frm_clearfix\" id=\"file18_dropzone\" role=\"group\" >\n\t<div class=\"fallback\">\n\t\t<input type=\"file\" name=\"file18\" id=\"field_fofdf2\"\n\t\t\t data-invmsg=\"Attached a document (CV)  is invalid\" aria-invalid=\"false\"  \t\t\t\/>\n\t\t\t\t<div class=\"frm_clearfix \"><\/div>\n\t<\/div>\n\t<div class=\"dz-message needsclick\">\n\t\t\t\t<svg  viewBox=\"0 0 18 18\" class=\"frmsvg frm-svg-icon\">\n\t<path viewBox=\"0 0 18 18\" fill-rule=\"evenodd\" clip-rule=\"evenodd\" d=\"M8.2 4v8a.8.8 0 001.5 0V4l2.1 2.2A.7.7 0 1013 5L9.5 1.7a.7.7 0 00-1.1 0L5.1 5.2a.8.8 0 001 1l2.1-2zm7.6 4.3c.4 0 .7.3.7.7v6.8c0 .4-.3.7-.8.7H2.3a.8.8 0 01-.8-.8V9A.8.8 0 013 9v6h12V9c0-.4.3-.8.8-.8z\"><\/path>\n<\/svg>\t\t<span class=\"frm_upload_text\"><button type=\"button\" aria-label=\"Attached a document (CV) . Drop a file here or click to upload. Maximum file size: 516MB\">Drop a file here or click to upload<\/button><\/span>\n\t\t<span class=\"frm_compact_text\"><button type=\"button\" aria-label=\"Attached a document (CV) . Choose File. Maximum file size: 516MB\">Choose File<\/button><\/span>\n\t\t<div class=\"frm_small_text\">\n\t\t\t<p>Maximum file size: 516MB<\/p>\n\t\t<\/div>\n\t<\/div>\n<\/div>\n\t\r\n\t\r\n\t\r\n<\/div>\n<div id=\"frm_field_19_container\" class=\"frm_form_field form-field \">\r\n\t<div class=\"frm_submit frm_flex\">\r\n<button class=\"frm_button_submit frm_final_submit\" type=\"submit\"   formnovalidate=\"formnovalidate\">Submit<\/button>\r\n\r\n\r\n\r\n<\/div>\r\n<\/div>\n\t<input type=\"hidden\" name=\"item_key\" value=\"\" \/>\n\t\t\t\t<div class=\"frm__6747cdadebb6a\">\n\t\t\t\t<label for=\"frm_email_3\" >\n\t\t\t\t\tIf you are human, leave this field blank.\t\t\t\t<\/label>\n\t\t\t\t<input  id=\"frm_email_3\" type=\"text\" class=\"frm_verify\" name=\"frm__6747cdadebb6a\" value=\"\" autocomplete=\"off\"  \/>\n\t\t\t<\/div>\n\t\t<input name=\"frm_state\" type=\"hidden\" value=\"R6ht\/2EG50JHE01dYIIEkcWswZCu5hjs3hhFXbWLD8U=\" \/><\/div>\n<\/fieldset>\n<\/div>\n\n<\/form>\n<\/div>\n\n<p>[\/et_pb_text][\/et_pb_column][et_pb_column type=&#8221;1_3&#8243; _builder_version=&#8221;4.16&#8243; _module_preset=&#8221;default&#8221; background_color=&#8221;#D7E3EF&#8221; custom_padding=&#8221;30px|30px|30px|30px|true|true&#8221; global_colors_info=&#8221;{}&#8221;][et_pb_text _builder_version=&#8221;4.16&#8243; _module_preset=&#8221;default&#8221; text_font=&#8221;||||||||&#8221; text_text_color=&#8221;#0A2938&#8243; width_tablet=&#8221;100%&#8221; width_phone=&#8221;100%&#8221; width_last_edited=&#8221;off|desktop&#8221; custom_margin=&#8221;||-2px|||&#8221; global_colors_info=&#8221;{}&#8221;]<\/p>\n<p><strong>Why work with us?<\/strong>\u00a0<\/p>\n<ul>\n<li>CCQ 100%.<\/li>\n<li>New truck of your choice<\/li>\n<li>40 hours\/week guaranteed<\/li>\n<li>Stimulating work team and environment<\/li>\n<li>Possibility of building your <em>dreamteam<\/em><\/li>\n<\/ul>\n<p>[\/et_pb_text][\/et_pb_column][\/et_pb_row][\/et_pb_section]<\/p>\n","protected":false},"excerpt":{"rendered":"<p>Refrigeration system installation specialist.Be part of our our multidisciplinary team, specialized in refrigerated equipment. Are you looking for a dynamic work environment where your talent and knowledge are appreciated for their true worth and you can find fulfillment every day? We are always\u00a0looking to discuss your professional goals with you!Refrigeration specialist What a day with [&hellip;]<\/p>\n","protected":false},"author":1,"featured_media":0,"parent":0,"menu_order":0,"comment_status":"closed","ping_status":"closed","template":"","meta":{"_et_pb_use_builder":"on","_et_pb_old_content":"","_et_gb_content_width":"","footnotes":""},"class_list":["post-238","page","type-page","status-publish","hentry"],"yoast_head":"<!-- This site is optimized with the Yoast SEO plugin v23.9 - https:\/\/yoast.com\/wordpress\/plugins\/seo\/ -->\n<title>Become part of the Kold Refrigeration team<\/title>\n<meta name=\"description\" content=\"At Kold, our team is multidisciplinary. Are you an engineer or refrigeration specialist looking for a challenging work environment? Contact us!\" \/>\n<meta name=\"robots\" content=\"index, follow, max-snippet:-1, max-image-preview:large, max-video-preview:-1\" \/>\n<link rel=\"canonical\" href=\"https:\/\/koldrefrigeration.com\/en\/careers\/\" \/>\n<meta property=\"og:locale\" content=\"en_US\" \/>\n<meta property=\"og:type\" content=\"article\" \/>\n<meta property=\"og:title\" content=\"Become part of the Kold Refrigeration team\" \/>\n<meta property=\"og:description\" content=\"At Kold, our team is multidisciplinary. Are you an engineer or refrigeration specialist looking for a challenging work environment? Contact us!\" \/>\n<meta property=\"og:url\" content=\"https:\/\/koldrefrigeration.com\/en\/careers\/\" \/>\n<meta property=\"og:site_name\" content=\"Kold R\u00e9frig\u00e9ration\" \/>\n<meta property=\"article:modified_time\" content=\"2024-11-29T15:35:21+00:00\" \/>\n<meta name=\"twitter:card\" content=\"summary_large_image\" \/>\n<meta name=\"twitter:label1\" content=\"Est. reading time\" \/>\n\t<meta name=\"twitter:data1\" content=\"3 minutes\" \/>\n<script type=\"application\/ld+json\" class=\"yoast-schema-graph\">{\"@context\":\"https:\/\/schema.org\",\"@graph\":[{\"@type\":\"WebPage\",\"@id\":\"https:\/\/koldrefrigeration.com\/en\/careers\/\",\"url\":\"https:\/\/koldrefrigeration.com\/en\/careers\/\",\"name\":\"Become part of the Kold Refrigeration team\",\"isPartOf\":{\"@id\":\"https:\/\/koldrefrigeration.com\/en\/#website\"},\"datePublished\":\"2023-01-23T16:39:07+00:00\",\"dateModified\":\"2024-11-29T15:35:21+00:00\",\"description\":\"At Kold, our team is multidisciplinary. Are you an engineer or refrigeration specialist looking for a challenging work environment? Contact us!\",\"breadcrumb\":{\"@id\":\"https:\/\/koldrefrigeration.com\/en\/careers\/#breadcrumb\"},\"inLanguage\":\"en-US\",\"potentialAction\":[{\"@type\":\"ReadAction\",\"target\":[\"https:\/\/koldrefrigeration.com\/en\/careers\/\"]}]},{\"@type\":\"BreadcrumbList\",\"@id\":\"https:\/\/koldrefrigeration.com\/en\/careers\/#breadcrumb\",\"itemListElement\":[{\"@type\":\"ListItem\",\"position\":1,\"name\":\"Accueil\",\"item\":\"https:\/\/koldrefrigeration.com\/en\/\"},{\"@type\":\"ListItem\",\"position\":2,\"name\":\"Careers\"}]},{\"@type\":\"WebSite\",\"@id\":\"https:\/\/koldrefrigeration.com\/en\/#website\",\"url\":\"https:\/\/koldrefrigeration.com\/en\/\",\"name\":\"Kold R\u00e9frig\u00e9ration\",\"description\":\"Le froid a son \u00e9tat pur\",\"potentialAction\":[{\"@type\":\"SearchAction\",\"target\":{\"@type\":\"EntryPoint\",\"urlTemplate\":\"https:\/\/koldrefrigeration.com\/en\/?s={search_term_string}\"},\"query-input\":{\"@type\":\"PropertyValueSpecification\",\"valueRequired\":true,\"valueName\":\"search_term_string\"}}],\"inLanguage\":\"en-US\"}]}<\/script>\n<!-- \/ Yoast SEO plugin. -->","yoast_head_json":{"title":"Become part of the Kold Refrigeration team","description":"At Kold, our team is multidisciplinary. Are you an engineer or refrigeration specialist looking for a challenging work environment? Contact us!","robots":{"index":"index","follow":"follow","max-snippet":"max-snippet:-1","max-image-preview":"max-image-preview:large","max-video-preview":"max-video-preview:-1"},"canonical":"https:\/\/koldrefrigeration.com\/en\/careers\/","og_locale":"en_US","og_type":"article","og_title":"Become part of the Kold Refrigeration team","og_description":"At Kold, our team is multidisciplinary. Are you an engineer or refrigeration specialist looking for a challenging work environment? Contact us!","og_url":"https:\/\/koldrefrigeration.com\/en\/careers\/","og_site_name":"Kold R\u00e9frig\u00e9ration","article_modified_time":"2024-11-29T15:35:21+00:00","twitter_card":"summary_large_image","twitter_misc":{"Est. reading time":"3 minutes"},"schema":{"@context":"https:\/\/schema.org","@graph":[{"@type":"WebPage","@id":"https:\/\/koldrefrigeration.com\/en\/careers\/","url":"https:\/\/koldrefrigeration.com\/en\/careers\/","name":"Become part of the Kold Refrigeration team","isPartOf":{"@id":"https:\/\/koldrefrigeration.com\/en\/#website"},"datePublished":"2023-01-23T16:39:07+00:00","dateModified":"2024-11-29T15:35:21+00:00","description":"At Kold, our team is multidisciplinary. Are you an engineer or refrigeration specialist looking for a challenging work environment? Contact us!","breadcrumb":{"@id":"https:\/\/koldrefrigeration.com\/en\/careers\/#breadcrumb"},"inLanguage":"en-US","potentialAction":[{"@type":"ReadAction","target":["https:\/\/koldrefrigeration.com\/en\/careers\/"]}]},{"@type":"BreadcrumbList","@id":"https:\/\/koldrefrigeration.com\/en\/careers\/#breadcrumb","itemListElement":[{"@type":"ListItem","position":1,"name":"Accueil","item":"https:\/\/koldrefrigeration.com\/en\/"},{"@type":"ListItem","position":2,"name":"Careers"}]},{"@type":"WebSite","@id":"https:\/\/koldrefrigeration.com\/en\/#website","url":"https:\/\/koldrefrigeration.com\/en\/","name":"Kold R\u00e9frig\u00e9ration","description":"Le froid a son \u00e9tat pur","potentialAction":[{"@type":"SearchAction","target":{"@type":"EntryPoint","urlTemplate":"https:\/\/koldrefrigeration.com\/en\/?s={search_term_string}"},"query-input":{"@type":"PropertyValueSpecification","valueRequired":true,"valueName":"search_term_string"}}],"inLanguage":"en-US"}]}},"_links":{"self":[{"href":"https:\/\/koldrefrigeration.com\/en\/wp-json\/wp\/v2\/pages\/238","targetHints":{"allow":["GET"]}}],"collection":[{"href":"https:\/\/koldrefrigeration.com\/en\/wp-json\/wp\/v2\/pages"}],"about":[{"href":"https:\/\/koldrefrigeration.com\/en\/wp-json\/wp\/v2\/types\/page"}],"author":[{"embeddable":true,"href":"https:\/\/koldrefrigeration.com\/en\/wp-json\/wp\/v2\/users\/1"}],"replies":[{"embeddable":true,"href":"https:\/\/koldrefrigeration.com\/en\/wp-json\/wp\/v2\/comments?post=238"}],"version-history":[{"count":2,"href":"https:\/\/koldrefrigeration.com\/en\/wp-json\/wp\/v2\/pages\/238\/revisions"}],"predecessor-version":[{"id":1000,"href":"https:\/\/koldrefrigeration.com\/en\/wp-json\/wp\/v2\/pages\/238\/revisions\/1000"}],"wp:attachment":[{"href":"https:\/\/koldrefrigeration.com\/en\/wp-json\/wp\/v2\/media?parent=238"}],"curies":[{"name":"wp","href":"https:\/\/api.w.org\/{rel}","templated":true}]}}