{"id":236,"date":"2023-01-23T16:38:57","date_gmt":"2023-01-23T16:38:57","guid":{"rendered":"https:\/\/koldrefrigeration.com\/faq\/"},"modified":"2024-12-05T21:58:11","modified_gmt":"2024-12-05T21:58:11","slug":"faq","status":"publish","type":"page","link":"https:\/\/koldrefrigeration.com\/en\/faq\/","title":{"rendered":"FAQ"},"content":{"rendered":"<p>[et_pb_section fb_built=&#8221;1&#8243; _builder_version=&#8221;4.19.5&#8243; _module_preset=&#8221;default&#8221; use_background_color_gradient=&#8221;on&#8221; background_color_gradient_stops=&#8221;#0a1b24 0%|#4d6677 100%&#8221; background_color_gradient_start=&#8221;#0a1b24&#8243; background_color_gradient_end=&#8221;#4d6677&#8243; background_enable_image=&#8221;off&#8221; min_height_tablet=&#8221;700px&#8221; min_height_phone=&#8221;&#8221; min_height_last_edited=&#8221;on|phone&#8221; max_height_tablet=&#8221;800px&#8221; max_height_phone=&#8221;&#8221; max_height_last_edited=&#8221;on|tablet&#8221; custom_padding=&#8221;112px||112px||true|&#8221; global_colors_info=&#8221;{}&#8221;][et_pb_row _builder_version=&#8221;4.16&#8243; _module_preset=&#8221;default&#8221; custom_margin=&#8221;-100px||||false|false&#8221; global_colors_info=&#8221;{}&#8221;][et_pb_column type=&#8221;4_4&#8243; _builder_version=&#8221;4.16&#8243; _module_preset=&#8221;default&#8221; global_colors_info=&#8221;{}&#8221;][et_pb_text _builder_version=&#8221;4.19.5&#8243; _module_preset=&#8221;default&#8221; text_font=&#8221;|300|||||||&#8221; text_text_color=&#8221;#FFFFFF&#8221; text_font_size=&#8221;14px&#8221; header_font=&#8221;Roboto|300|||||||&#8221; header_text_color=&#8221;#FFFFFF&#8221; header_font_size=&#8221;14px&#8221; width=&#8221;650px&#8221; width_tablet=&#8221;100%&#8221; width_phone=&#8221;100%&#8221; width_last_edited=&#8221;on|phone&#8221; custom_margin=&#8221;||7px||false|false&#8221; text_font_size_tablet=&#8221;14px&#8221; text_font_size_phone=&#8221;14px&#8221; text_font_size_last_edited=&#8221;on|tablet&#8221; text_line_height_tablet=&#8221;18px&#8221; text_line_height_phone=&#8221;18px&#8221; text_line_height_last_edited=&#8221;on|desktop&#8221; border_width_bottom=&#8221;0px&#8221; border_color_bottom=&#8221;#FFFFFF&#8221; global_colors_info=&#8221;{}&#8221;]<\/p>\n<p>Specialist in the installation of refrigeration systems<\/p>\n<p>[\/et_pb_text][et_pb_text _builder_version=&#8221;4.19.5&#8243; _module_preset=&#8221;default&#8221; text_text_color=&#8221;#FFFFFF&#8221; text_font_size=&#8221;62px&#8221; text_line_height=&#8221;66px&#8221; header_font=&#8221;Roboto||||||||&#8221; header_text_color=&#8221;#FFFFFF&#8221; header_font_size=&#8221;62px&#8221; header_line_height=&#8221;66px&#8221; max_width_phone=&#8221;90%&#8221; max_width_last_edited=&#8221;off|desktop&#8221; custom_padding=&#8221;18px||18px||true|false&#8221; text_font_size_tablet=&#8221;58px&#8221; text_font_size_phone=&#8221;46px&#8221; text_font_size_last_edited=&#8221;on|phone&#8221; text_line_height_tablet=&#8221;60px&#8221; text_line_height_phone=&#8221;44px&#8221; text_line_height_last_edited=&#8221;on|desktop&#8221; header_font_size_tablet=&#8221;58px&#8221; header_font_size_phone=&#8221;32px&#8221; header_font_size_last_edited=&#8221;on|phone&#8221; header_line_height_tablet=&#8221;60px&#8221; header_line_height_phone=&#8221;36px&#8221; header_line_height_last_edited=&#8221;on|tablet&#8221; border_width_top=&#8221;1px&#8221; border_color_top=&#8221;#FFFFFF&#8221; border_width_bottom=&#8221;1px&#8221; border_color_bottom=&#8221;#FFFFFF&#8221; global_colors_info=&#8221;{}&#8221;]<\/p>\n<p>F.A.Q<\/p>\n<p>[\/et_pb_text][\/et_pb_column][\/et_pb_row][\/et_pb_section][et_pb_section fb_built=&#8221;1&#8243; _builder_version=&#8221;4.16&#8243; _module_preset=&#8221;default&#8221; custom_padding=&#8221;75px||0px|||&#8221; global_colors_info=&#8221;{}&#8221;][et_pb_row column_structure=&#8221;2_3,1_3&#8243; module_class=&#8221;tablet-two-cols&#8221; _builder_version=&#8221;4.16&#8243; _module_preset=&#8221;default&#8221; global_colors_info=&#8221;{}&#8221;][et_pb_column type=&#8221;2_3&#8243; _builder_version=&#8221;4.16&#8243; _module_preset=&#8221;default&#8221; global_colors_info=&#8221;{}&#8221;][et_pb_text _builder_version=&#8221;4.19.5&#8243; _module_preset=&#8221;default&#8221; text_font=&#8221;|800|||||||&#8221; text_text_color=&#8221;#0A2938&#8243; text_font_size=&#8221;48px&#8221; text_line_height=&#8221;66px&#8221; header_2_font=&#8221;Roboto|900|||||||&#8221; header_2_text_color=&#8221;#0A2938&#8243; header_2_font_size=&#8221;48px&#8221; text_font_size_tablet=&#8221;58px&#8221; text_font_size_phone=&#8221;58px&#8221; text_font_size_last_edited=&#8221;on|phone&#8221; text_line_height_tablet=&#8221;60px&#8221; text_line_height_phone=&#8221;60px&#8221; text_line_height_last_edited=&#8221;on|desktop&#8221; global_colors_info=&#8221;{}&#8221;]<\/p>\n<h1><span style=\"font-weight: 800;\">Refrigeration is a complex field. <\/span>Find the most frequently asked questions about the proper selection, operation and maintenance of commercial and industrial refrigeration systems.<br \/>\n<\/h1>\n<p>[\/et_pb_text][et_pb_text _builder_version=&#8221;4.19.5&#8243; _module_preset=&#8221;default&#8221; text_font=&#8221;Roboto||||||||&#8221; text_text_color=&#8221;#0A2938&#8243; header_2_font=&#8221;|700|||||||&#8221; header_2_text_color=&#8221;#0A2938&#8243; custom_margin=&#8221;31px||||false|false&#8221; custom_padding=&#8221;25px||25px||true|false&#8221; border_width_top=&#8221;1px&#8221; border_width_bottom=&#8221;1px&#8221; global_colors_info=&#8221;{}&#8221;]<\/p>\n<h2>How do we properly maintain our refrigeration system?<\/h2>\n<p>Regular maintenance of refrigeration systems is essential to ensure proper operation. These procedures include checking temperatures, detecting leaks, cleaning filters and checking refrigerant levels.[\/et_pb_text][et_pb_text _builder_version=&#8221;4.19.5&#8243; _module_preset=&#8221;default&#8221; text_font=&#8221;Roboto||||||||&#8221; text_text_color=&#8221;#0A2938&#8243; header_2_font=&#8221;|700|||||||&#8221; header_2_text_color=&#8221;#0A2938&#8243; custom_margin=&#8221;||||false|false&#8221; custom_padding=&#8221;8px||25px||false|false&#8221; border_width_bottom=&#8221;1px&#8221; global_colors_info=&#8221;{}&#8221;]<\/p>\n<h2>What are the consequences of inadequate refrigeration maintenance?<\/h2>\n<p>For both the industrial and commercial sectors, poor maintenance of refrigeration systems can lead to problems such as frequent breakdowns, increased energy costs, product loss and food safety hazards.[\/et_pb_text][et_pb_text _builder_version=&#8221;4.19.5&#8243; _module_preset=&#8221;default&#8221; text_font=&#8221;Roboto||||||||&#8221; text_text_color=&#8221;#0A2938&#8243; header_2_font=&#8221;|700|||||||&#8221; header_2_text_color=&#8221;#0A2938&#8243; custom_margin=&#8221;||||false|false&#8221; custom_padding=&#8221;8px||25px||false|false&#8221; border_width_bottom=&#8221;1px&#8221; global_colors_info=&#8221;{}&#8221;]<\/p>\n<h2>How do I choose the right refrigeration system for my business?<\/h2>\n<p>The size of the business, the amount of products to be stored, the location of the operation, and regulatory requirements are all factors that need to be considered when choosing the right refrigeration system. [\/et_pb_text][\/et_pb_column][et_pb_column type=&#8221;1_3&#8243; _builder_version=&#8221;4.16&#8243; _module_preset=&#8221;default&#8221; global_colors_info=&#8221;{}&#8221;][et_pb_image src=&#8221;https:\/\/koldrefrigeration.com\/wp-content\/uploads\/2024\/11\/faq-1.png&#8221; title_text=&#8221;faq&#8221; show_bottom_space=&#8221;off&#8221; _builder_version=&#8221;4.23&#8243; _module_preset=&#8221;default&#8221; hover_enabled=&#8221;0&#8243; global_colors_info=&#8221;{}&#8221; sticky_enabled=&#8221;0&#8243;][\/et_pb_image][et_pb_image src=&#8221;https:\/\/koldrefrigeration.com\/wp-content\/uploads\/2023\/01\/element-rond-plein.svg&#8221; title_text=&#8221;element-round-full&#8221; _builder_version=&#8221;4.16&#8243; _module_preset=&#8221;default&#8221; positioning=&#8221;relative&#8221; vertical_offset=&#8221;-50px&#8221; horizontal_offset=&#8221;50px&#8221; width=&#8221;70px&#8221; width_tablet=&#8221;70px&#8221; width_phone=&#8221;69px&#8221; width_last_edited=&#8221;on|phone&#8221; animation_style=&#8221;slide&#8221; animation_direction=&#8221;right&#8221; global_colors_info=&#8221;{}&#8221;][\/et_pb_image][\/et_pb_column][\/et_pb_row][et_pb_row _builder_version=&#8221;4.16&#8243; _module_preset=&#8221;default&#8221; z_index=&#8221;500&#8243; global_colors_info=&#8221;{}&#8221;][et_pb_column type=&#8221;4_4&#8243; _builder_version=&#8221;4.16&#8243; _module_preset=&#8221;default&#8221; global_colors_info=&#8221;{}&#8221;][et_pb_image src=&#8221;https:\/\/koldrefrigeration.com\/wp-content\/uploads\/2023\/01\/element-ronds-vides-x3.svg&#8221; title_text=&#8221;element-empty-round-x3&#8243; show_bottom_space=&#8221;off&#8221; _builder_version=&#8221;4.16&#8243; _module_preset=&#8221;default&#8221; positioning=&#8221;relative&#8221; vertical_offset=&#8221;20px&#8221; z_index=&#8221;500&#8243; width=&#8221;150px&#8221; width_tablet=&#8221;150px&#8221; width_phone=&#8221;149px&#8221; width_last_edited=&#8221;on|phone&#8221; global_colors_info=&#8221;{}&#8221;][\/et_pb_image][\/et_pb_column][\/et_pb_row][\/et_pb_section][et_pb_section fb_built=&#8221;1&#8243; _builder_version=&#8221;4.16&#8243; _module_preset=&#8221;default&#8221; global_colors_info=&#8221;{}&#8221; background_color=&#8221;rgba(255,255,255,0.21)&#8221; background_image=&#8221;https:\/\/koldrefrigeration.com\/wp-content\/uploads\/2024\/12\/kold-recrutement-blanc.webp&#8221; background_blend=&#8221;screen&#8221;][et_pb_row column_structure=&#8221;2_3,1_3&#8243; use_custom_gutter=&#8221;on&#8221; make_equal=&#8221;on&#8221; module_class=&#8221;tablet-two-cols &#8221; _builder_version=&#8221;4.16&#8243; _module_preset=&#8221;default&#8221; global_colors_info=&#8221;{}&#8221;][et_pb_column type=&#8221;2_3&#8243; _builder_version=&#8221;4.16&#8243; _module_preset=&#8221;default&#8221; global_colors_info=&#8221;{}&#8221;][et_pb_text _builder_version=&#8221;4.16&#8243; _module_preset=&#8221;default&#8221; text_font=&#8221;||||||||&#8221; text_text_color=&#8221;#0A2938&#8243; header_2_font=&#8221;Roboto|900|||||||&#8221; header_2_text_color=&#8221;#0A2938&#8243; header_2_font_size=&#8221;48px&#8221; custom_margin=&#8221;31px||||false|false&#8221; global_colors_info=&#8221;{}&#8221;]<\/p>\n<h2>We are recruiting!<\/h2>\n<p>[\/et_pb_text][et_pb_text _builder_version=&#8221;4.16&#8243; _module_preset=&#8221;default&#8221; text_font=&#8221;||||||||&#8221; text_text_color=&#8221;#0A2938&#8243; custom_margin=&#8221;31px||||false|false&#8221; global_colors_info=&#8221;{}&#8221;]Are you looking for a dynamic environment where your talent and know-how will be appreciated and where you will be able to fulfill yourself on a daily basis? [\/et_pb_text][\/et_pb_column][et_pb_column type=&#8221;1_3&#8243; module_class=&#8221;vertical-align&#8221; _builder_version=&#8221;4.16&#8243; _module_preset=&#8221;default&#8221; custom_padding=&#8221;95px||||false|false&#8221; custom_padding_tablet=&#8221;145px||||false|false&#8221; custom_padding_phone=&#8221;0px||||false|false&#8221; custom_padding_last_edited=&#8221;on|phone&#8221; global_colors_info=&#8221;{}&#8221;][et_pb_button button_url=&#8221;https:\/\/koldrefrigeration.com\/en\/careers\/&#8221; button_text=&#8221;BECOME A MEMBER OF OUR TEAM&#8221; button_alignment=&#8221;left&#8221; _builder_version=&#8221;4.16&#8243; _module_preset=&#8221;default&#8221; custom_button=&#8221;on&#8221; button_text_size=&#8221;14px&#8221; button_text_color=&#8221;#0A2938&#8243; button_bg_color=&#8221;RGBA(255,255,255,0)&#8221; button_border_width=&#8221;1px&#8221; button_border_radius=&#8221;20px&#8221; button_font=&#8221;Roboto|||on|||||&#8221; button_use_icon=&#8221;off&#8221; horizontal_offset=&#8221;-40px&#8221; horizontal_offset_tablet=&#8221;-150px&#8221; horizontal_offset_phone=&#8221;-15px&#8221; horizontal_offset_last_edited=&#8221;on|phone&#8221; custom_padding=&#8221;9px|20px|9px|20px|true|true&#8221; button_text_color_last_edited=&#8221;off|desktop&#8221; button_border_color_last_edited=&#8221;off|desktop&#8221; global_colors_info=&#8221;{}&#8221; button_bg_color__hover_enabled=&#8221;on|hover&#8221; button_bg_color__hover=&#8221;#0A2938&#8243; button_bg_enable_color__hover=&#8221;on&#8221; button_text_color__hover_enabled=&#8221;on|hover&#8221; button_text_color__hover=&#8221;#FFFFFF&#8221; button_border_color__hover_enabled=&#8221;on|hover&#8221; button_border_color__hover=&#8221;#0A2938&#8243;][\/et_pb_button][\/et_pb_column][\/et_pb_row][\/et_pb_section]<\/p>\n","protected":false},"excerpt":{"rendered":"<p>Specialist in the installation of refrigeration systemsF.A.QRefrigeration is a complex field. Find the most frequently asked questions about the proper selection, operation and maintenance of commercial and industrial refrigeration systems. How do we properly maintain our refrigeration system? Regular maintenance of refrigeration systems is essential to ensure proper operation. These procedures include checking temperatures, detecting [&hellip;]<\/p>\n","protected":false},"author":1,"featured_media":0,"parent":0,"menu_order":0,"comment_status":"closed","ping_status":"closed","template":"","meta":{"_et_pb_use_builder":"on","_et_pb_old_content":"","_et_gb_content_width":"","footnotes":""},"class_list":["post-236","page","type-page","status-publish","hentry"],"yoast_head":"<!-- This site is optimized with the Yoast SEO plugin v23.9 - https:\/\/yoast.com\/wordpress\/plugins\/seo\/ -->\n<title>FAQ | Find answers to your questions | Kold Refrigeration<\/title>\n<meta name=\"description\" content=\"The field of refrigeration is quite complex. Check out our FAQ to find the answers offered by Kold Refrigeration&#039;s specialists!\" \/>\n<meta name=\"robots\" content=\"index, follow, max-snippet:-1, max-image-preview:large, max-video-preview:-1\" \/>\n<link rel=\"canonical\" href=\"https:\/\/koldrefrigeration.com\/en\/faq\/\" \/>\n<meta property=\"og:locale\" content=\"en_US\" \/>\n<meta property=\"og:type\" content=\"article\" \/>\n<meta property=\"og:title\" content=\"FAQ | Find answers to your questions | Kold Refrigeration\" \/>\n<meta property=\"og:description\" content=\"The field of refrigeration is quite complex. Check out our FAQ to find the answers offered by Kold Refrigeration&#039;s specialists!\" \/>\n<meta property=\"og:url\" content=\"https:\/\/koldrefrigeration.com\/en\/faq\/\" \/>\n<meta property=\"og:site_name\" content=\"Kold R\u00e9frig\u00e9ration\" \/>\n<meta property=\"article:modified_time\" content=\"2024-12-05T21:58:11+00:00\" \/>\n<meta name=\"twitter:card\" content=\"summary_large_image\" \/>\n<meta name=\"twitter:label1\" content=\"Est. reading time\" \/>\n\t<meta name=\"twitter:data1\" content=\"3 minutes\" \/>\n<script type=\"application\/ld+json\" class=\"yoast-schema-graph\">{\"@context\":\"https:\/\/schema.org\",\"@graph\":[{\"@type\":\"WebPage\",\"@id\":\"https:\/\/koldrefrigeration.com\/en\/faq\/\",\"url\":\"https:\/\/koldrefrigeration.com\/en\/faq\/\",\"name\":\"FAQ | Find answers to your questions | Kold Refrigeration\",\"isPartOf\":{\"@id\":\"https:\/\/koldrefrigeration.com\/en\/#website\"},\"datePublished\":\"2023-01-23T16:38:57+00:00\",\"dateModified\":\"2024-12-05T21:58:11+00:00\",\"description\":\"The field of refrigeration is quite complex. Check out our FAQ to find the answers offered by Kold Refrigeration's specialists!\",\"breadcrumb\":{\"@id\":\"https:\/\/koldrefrigeration.com\/en\/faq\/#breadcrumb\"},\"inLanguage\":\"en-US\",\"potentialAction\":[{\"@type\":\"ReadAction\",\"target\":[\"https:\/\/koldrefrigeration.com\/en\/faq\/\"]}]},{\"@type\":\"BreadcrumbList\",\"@id\":\"https:\/\/koldrefrigeration.com\/en\/faq\/#breadcrumb\",\"itemListElement\":[{\"@type\":\"ListItem\",\"position\":1,\"name\":\"Accueil\",\"item\":\"https:\/\/koldrefrigeration.com\/en\/\"},{\"@type\":\"ListItem\",\"position\":2,\"name\":\"FAQ\"}]},{\"@type\":\"WebSite\",\"@id\":\"https:\/\/koldrefrigeration.com\/en\/#website\",\"url\":\"https:\/\/koldrefrigeration.com\/en\/\",\"name\":\"Kold R\u00e9frig\u00e9ration\",\"description\":\"Le froid a son \u00e9tat pur\",\"potentialAction\":[{\"@type\":\"SearchAction\",\"target\":{\"@type\":\"EntryPoint\",\"urlTemplate\":\"https:\/\/koldrefrigeration.com\/en\/?s={search_term_string}\"},\"query-input\":{\"@type\":\"PropertyValueSpecification\",\"valueRequired\":true,\"valueName\":\"search_term_string\"}}],\"inLanguage\":\"en-US\"}]}<\/script>\n<!-- \/ Yoast SEO plugin. -->","yoast_head_json":{"title":"FAQ | Find answers to your questions | Kold Refrigeration","description":"The field of refrigeration is quite complex. Check out our FAQ to find the answers offered by Kold Refrigeration's specialists!","robots":{"index":"index","follow":"follow","max-snippet":"max-snippet:-1","max-image-preview":"max-image-preview:large","max-video-preview":"max-video-preview:-1"},"canonical":"https:\/\/koldrefrigeration.com\/en\/faq\/","og_locale":"en_US","og_type":"article","og_title":"FAQ | Find answers to your questions | Kold Refrigeration","og_description":"The field of refrigeration is quite complex. Check out our FAQ to find the answers offered by Kold Refrigeration's specialists!","og_url":"https:\/\/koldrefrigeration.com\/en\/faq\/","og_site_name":"Kold R\u00e9frig\u00e9ration","article_modified_time":"2024-12-05T21:58:11+00:00","twitter_card":"summary_large_image","twitter_misc":{"Est. reading time":"3 minutes"},"schema":{"@context":"https:\/\/schema.org","@graph":[{"@type":"WebPage","@id":"https:\/\/koldrefrigeration.com\/en\/faq\/","url":"https:\/\/koldrefrigeration.com\/en\/faq\/","name":"FAQ | Find answers to your questions | Kold Refrigeration","isPartOf":{"@id":"https:\/\/koldrefrigeration.com\/en\/#website"},"datePublished":"2023-01-23T16:38:57+00:00","dateModified":"2024-12-05T21:58:11+00:00","description":"The field of refrigeration is quite complex. Check out our FAQ to find the answers offered by Kold Refrigeration's specialists!","breadcrumb":{"@id":"https:\/\/koldrefrigeration.com\/en\/faq\/#breadcrumb"},"inLanguage":"en-US","potentialAction":[{"@type":"ReadAction","target":["https:\/\/koldrefrigeration.com\/en\/faq\/"]}]},{"@type":"BreadcrumbList","@id":"https:\/\/koldrefrigeration.com\/en\/faq\/#breadcrumb","itemListElement":[{"@type":"ListItem","position":1,"name":"Accueil","item":"https:\/\/koldrefrigeration.com\/en\/"},{"@type":"ListItem","position":2,"name":"FAQ"}]},{"@type":"WebSite","@id":"https:\/\/koldrefrigeration.com\/en\/#website","url":"https:\/\/koldrefrigeration.com\/en\/","name":"Kold R\u00e9frig\u00e9ration","description":"Le froid a son \u00e9tat pur","potentialAction":[{"@type":"SearchAction","target":{"@type":"EntryPoint","urlTemplate":"https:\/\/koldrefrigeration.com\/en\/?s={search_term_string}"},"query-input":{"@type":"PropertyValueSpecification","valueRequired":true,"valueName":"search_term_string"}}],"inLanguage":"en-US"}]}},"_links":{"self":[{"href":"https:\/\/koldrefrigeration.com\/en\/wp-json\/wp\/v2\/pages\/236","targetHints":{"allow":["GET"]}}],"collection":[{"href":"https:\/\/koldrefrigeration.com\/en\/wp-json\/wp\/v2\/pages"}],"about":[{"href":"https:\/\/koldrefrigeration.com\/en\/wp-json\/wp\/v2\/types\/page"}],"author":[{"embeddable":true,"href":"https:\/\/koldrefrigeration.com\/en\/wp-json\/wp\/v2\/users\/1"}],"replies":[{"embeddable":true,"href":"https:\/\/koldrefrigeration.com\/en\/wp-json\/wp\/v2\/comments?post=236"}],"version-history":[{"count":1,"href":"https:\/\/koldrefrigeration.com\/en\/wp-json\/wp\/v2\/pages\/236\/revisions"}],"predecessor-version":[{"id":1079,"href":"https:\/\/koldrefrigeration.com\/en\/wp-json\/wp\/v2\/pages\/236\/revisions\/1079"}],"wp:attachment":[{"href":"https:\/\/koldrefrigeration.com\/en\/wp-json\/wp\/v2\/media?parent=236"}],"curies":[{"name":"wp","href":"https:\/\/api.w.org\/{rel}","templated":true}]}}