{"id":231,"date":"2023-01-23T16:38:50","date_gmt":"2023-01-23T16:38:50","guid":{"rendered":"https:\/\/koldrefrigeration.com\/services\/"},"modified":"2024-12-05T21:59:21","modified_gmt":"2024-12-05T21:59:21","slug":"services","status":"publish","type":"page","link":"https:\/\/koldrefrigeration.com\/en\/services\/","title":{"rendered":"Services"},"content":{"rendered":"<p>[et_pb_section fb_built=&#8221;1&#8243; _builder_version=&#8221;4.19.5&#8243; _module_preset=&#8221;default&#8221; use_background_color_gradient=&#8221;on&#8221; background_color_gradient_stops=&#8221;#0a1b24 0%|#4d6677 100%&#8221; background_color_gradient_start=&#8221;#0a1b24&#8243; background_color_gradient_end=&#8221;#4d6677&#8243; background_enable_image=&#8221;off&#8221; min_height_tablet=&#8221;700px&#8221; min_height_phone=&#8221;&#8221; min_height_last_edited=&#8221;on|tablet&#8221; max_height_tablet=&#8221;800px&#8221; max_height_phone=&#8221;&#8221; max_height_last_edited=&#8221;on|tablet&#8221; custom_padding=&#8221;112px||112px||true|&#8221; global_colors_info=&#8221;{}&#8221;][et_pb_row _builder_version=&#8221;4.16&#8243; _module_preset=&#8221;default&#8221; custom_margin=&#8221;-100px||||false|false&#8221; global_colors_info=&#8221;{}&#8221;][et_pb_column type=&#8221;4_4&#8243; _builder_version=&#8221;4.16&#8243; _module_preset=&#8221;default&#8221; global_colors_info=&#8221;{}&#8221;][et_pb_text _builder_version=&#8221;4.19.5&#8243; _module_preset=&#8221;default&#8221; text_font=&#8221;|300|||||||&#8221; text_text_color=&#8221;#FFFFFF&#8221; text_font_size=&#8221;14px&#8221; header_font=&#8221;Roboto|300|||||||&#8221; header_text_color=&#8221;#FFFFFF&#8221; header_font_size=&#8221;14px&#8221; width=&#8221;650px&#8221; width_tablet=&#8221;100%&#8221; width_phone=&#8221;100%&#8221; width_last_edited=&#8221;on|phone&#8221; custom_margin=&#8221;||6px||false|false&#8221; text_font_size_tablet=&#8221;14px&#8221; text_font_size_phone=&#8221;14px&#8221; text_font_size_last_edited=&#8221;on|tablet&#8221; text_line_height_tablet=&#8221;18px&#8221; text_line_height_phone=&#8221;18px&#8221; text_line_height_last_edited=&#8221;on|desktop&#8221; border_width_bottom=&#8221;0px&#8221; border_color_bottom=&#8221;#FFFFFF&#8221; global_colors_info=&#8221;{}&#8221;]<\/p>\n<p>Sp\u00e9cialiste en installation de syst\u00e8me de r\u00e9frig\u00e9ration<\/p>\n<p>[\/et_pb_text][et_pb_text module_class=&#8221;word-break-mobile&#8221; _builder_version=&#8221;4.19.5&#8243; _module_preset=&#8221;default&#8221; text_text_color=&#8221;#FFFFFF&#8221; text_font_size=&#8221;62px&#8221; text_line_height=&#8221;66px&#8221; header_font=&#8221;Roboto||||||||&#8221; header_text_color=&#8221;#FFFFFF&#8221; header_font_size=&#8221;62px&#8221; header_line_height=&#8221;66px&#8221; max_width_phone=&#8221;90%&#8221; max_width_last_edited=&#8221;off|desktop&#8221; custom_padding=&#8221;18px||18px||true|false&#8221; text_font_size_tablet=&#8221;58px&#8221; text_font_size_phone=&#8221;37px&#8221; text_font_size_last_edited=&#8221;on|phone&#8221; text_line_height_tablet=&#8221;60px&#8221; text_line_height_phone=&#8221;44px&#8221; text_line_height_last_edited=&#8221;on|desktop&#8221; header_font_size_tablet=&#8221;58px&#8221; header_font_size_phone=&#8221;32px&#8221; header_font_size_last_edited=&#8221;on|phone&#8221; header_line_height_tablet=&#8221;60px&#8221; header_line_height_phone=&#8221;36px&#8221; header_line_height_last_edited=&#8221;on|tablet&#8221; border_width_top=&#8221;1px&#8221; border_color_top=&#8221;#FFFFFF&#8221; border_width_bottom=&#8221;1px&#8221; border_color_bottom=&#8221;#FFFFFF&#8221; global_colors_info=&#8221;{}&#8221;]<\/p>\n<h1> <span style=\"font-weight: 800;\"> Installation, repair and maintenance services for refrigeration systems, <\/span><em>adapted to all types of industries.<\/em><\/h1>\n<p>[\/et_pb_text][\/et_pb_column][\/et_pb_row][\/et_pb_section][et_pb_section fb_built=&#8221;1&#8243; _builder_version=&#8221;4.16&#8243; _module_preset=&#8221;default&#8221; custom_padding=&#8221;75px||0px|||&#8221; global_colors_info=&#8221;{}&#8221;][et_pb_row column_structure=&#8221;2_3,1_3&#8243; module_class=&#8221;tablet-two-cols&#8221; _builder_version=&#8221;4.16&#8243; _module_preset=&#8221;default&#8221; global_colors_info=&#8221;{}&#8221;][et_pb_column type=&#8221;2_3&#8243; _builder_version=&#8221;4.16&#8243; _module_preset=&#8221;default&#8221; global_colors_info=&#8221;{}&#8221;][et_pb_text _builder_version=&#8221;4.16&#8243; _module_preset=&#8221;default&#8221; text_font=&#8221;|800|||||||&#8221; text_text_color=&#8221;#0A2938&#8243; text_font_size=&#8221;48px&#8221; text_line_height=&#8221;66px&#8221; header_2_font=&#8221;Roboto|900|||||||&#8221; header_2_text_color=&#8221;#0A2938&#8243; header_2_font_size=&#8221;48px&#8221; text_font_size_tablet=&#8221;58px&#8221; text_font_size_phone=&#8221;58px&#8221; text_font_size_last_edited=&#8221;on|phone&#8221; text_line_height_tablet=&#8221;60px&#8221; text_line_height_phone=&#8221;60px&#8221; text_line_height_last_edited=&#8221;on|desktop&#8221; global_colors_info=&#8221;{}&#8221;]<\/p>\n<h2>Installation<\/h2>\n<p>[\/et_pb_text][et_pb_text _builder_version=&#8221;4.16&#8243; _module_preset=&#8221;default&#8221; text_font=&#8221;||||||||&#8221; text_text_color=&#8221;#0A2938&#8243; width=&#8221;650px&#8221; width_tablet=&#8221;100%&#8221; width_phone=&#8221;100%&#8221; width_last_edited=&#8221;on|desktop&#8221; custom_margin=&#8221;||50px|||&#8221; global_colors_info=&#8221;{}&#8221;]<\/p>\n<p>Small or large project, we can help you! The installation of new equipment is our specialty. Our team of professionals will verify the requirements for the installation of the refrigeration. We will propose the best solution to meet your needs and ensure long-term success.<\/p>\n<p>Experienced refrigeration specialists will take care of the commissioning, adjusting the parameters adequately to maximize performance, all with a personalized service that meets your expectations.<\/p>\n<p>[\/et_pb_text][et_pb_button button_url=&#8221;https:\/\/koldrefrigeration.com\/en\/contact-us\/&#8221; button_text=&#8221;Online submission&#8221; button_alignment=&#8221;left&#8221; button_alignment_tablet=&#8221;center&#8221; button_alignment_phone=&#8221;center&#8221; button_alignment_last_edited=&#8221;on|phone&#8221; _builder_version=&#8221;4.19.5&#8243; _module_preset=&#8221;default&#8221; custom_button=&#8221;on&#8221; button_text_size=&#8221;14px&#8221; button_text_color=&#8221;#FFFFFF&#8221; button_bg_color=&#8221;#0A2938&#8243; button_border_width=&#8221;1px&#8221; button_border_color=&#8221;#0A2938&#8243; button_border_radius=&#8221;20px&#8221; button_font=&#8221;Roboto|||on|||||&#8221; button_use_icon=&#8221;off&#8221; custom_margin=&#8221;35px||||false|false&#8221; custom_margin_tablet=&#8221;|0px|||false|false&#8221; custom_margin_phone=&#8221;|0px|||false|false&#8221; custom_margin_last_edited=&#8221;on|desktop&#8221; custom_padding=&#8221;9px|20px|9px|20px|true|true&#8221; custom_padding_tablet=&#8221;|20px||20px|true|true&#8221; custom_padding_phone=&#8221;|20px||20px|true|true&#8221; custom_padding_last_edited=&#8221;on|tablet&#8221; button_text_size_tablet=&#8221;14px&#8221; button_text_size_phone=&#8221;14px&#8221; button_text_size_last_edited=&#8221;on|tablet&#8221; button_border_color_tablet=&#8221;#0A2938&#8243; button_border_color_phone=&#8221;#0A2938&#8243; button_border_color_last_edited=&#8221;on|desktop&#8221; global_colors_info=&#8221;{}&#8221; button_bg_color__hover_enabled=&#8221;on|hover&#8221; button_bg_color__hover=&#8221;#8DA3B5&#8243; button_bg_enable_color__hover=&#8221;on&#8221; button_border_color__hover_enabled=&#8221;on|hover&#8221; button_border_color__hover=&#8221;#8DA3B5&#8243;][\/et_pb_button][\/et_pb_column][et_pb_column type=&#8221;1_3&#8243; _builder_version=&#8221;4.16&#8243; _module_preset=&#8221;default&#8221; global_colors_info=&#8221;{}&#8221;][et_pb_image src=&#8221;https:\/\/koldrefrigeration.com\/wp-content\/uploads\/2023\/01\/img-services-accueil.png&#8221; title_text=&#8221;img-services-home&#8221; show_bottom_space=&#8221;off&#8221; _builder_version=&#8221;4.16&#8243; _module_preset=&#8221;default&#8221; global_colors_info=&#8221;{}&#8221;][\/et_pb_image][et_pb_image src=&#8221;https:\/\/koldrefrigeration.com\/wp-content\/uploads\/2023\/01\/element-rond-plein.svg&#8221; title_text=&#8221;element-round-full&#8221; _builder_version=&#8221;4.16&#8243; _module_preset=&#8221;default&#8221; positioning=&#8221;relative&#8221; vertical_offset=&#8221;-50px&#8221; horizontal_offset=&#8221;50px&#8221; width=&#8221;70px&#8221; width_tablet=&#8221;70px&#8221; width_phone=&#8221;69px&#8221; width_last_edited=&#8221;on|phone&#8221; animation_style=&#8221;slide&#8221; animation_direction=&#8221;right&#8221; global_colors_info=&#8221;{}&#8221;][\/et_pb_image][\/et_pb_column][\/et_pb_row][et_pb_row column_structure=&#8221;2_5,3_5&#8243; _builder_version=&#8221;4.16&#8243; _module_preset=&#8221;default&#8221; custom_margin=&#8221;65px||65px||true|false&#8221; custom_padding=&#8221;42px||39px|||&#8221; border_width_top=&#8221;1px&#8221; border_color_top=&#8221;#0A2938&#8243; border_width_bottom=&#8221;1px&#8221; global_colors_info=&#8221;{}&#8221;][et_pb_column type=&#8221;2_5&#8243; _builder_version=&#8221;4.16&#8243; _module_preset=&#8221;default&#8221; global_colors_info=&#8221;{}&#8221;][et_pb_text _builder_version=&#8221;4.23&#8243; _module_preset=&#8221;default&#8221; text_font=&#8221;|800|||||||&#8221; text_text_color=&#8221;#0A2938&#8243; text_font_size=&#8221;48px&#8221; text_line_height=&#8221;66px&#8221; header_2_font=&#8221;Roboto|900|||||||&#8221; header_2_text_color=&#8221;#0A2938&#8243; header_2_font_size=&#8221;48px&#8221; hover_enabled=&#8221;0&#8243; text_font_size_tablet=&#8221;58px&#8221; text_font_size_phone=&#8221;58px&#8221; text_font_size_last_edited=&#8221;on|phone&#8221; text_line_height_tablet=&#8221;60px&#8221; text_line_height_phone=&#8221;60px&#8221; text_line_height_last_edited=&#8221;on|desktop&#8221; global_colors_info=&#8221;{}&#8221; sticky_enabled=&#8221;0&#8243;]<\/p>\n<h2>Repair<\/h2>\n<p>[\/et_pb_text][\/et_pb_column][et_pb_column type=&#8221;3_5&#8243; _builder_version=&#8221;4.16&#8243; _module_preset=&#8221;default&#8221; global_colors_info=&#8221;{}&#8221;][et_pb_text _builder_version=&#8221;4.16&#8243; _module_preset=&#8221;default&#8221; text_font=&#8221;||||||||&#8221; text_text_color=&#8221;#0A2938&#8243; width=&#8221;650px&#8221; width_tablet=&#8221;100%&#8221; width_phone=&#8221;100%&#8221; width_last_edited=&#8221;on|desktop&#8221; custom_margin=&#8221;||-3px|||&#8221; global_colors_info=&#8221;{}&#8221;]In the case of a repair or corrective maintenance, an honest and professional diagnosis will be made by a qualified technician. Our goal is to get your system back up and running as quickly as possible and reduce your downtime.[\/et_pb_text][\/et_pb_column][\/et_pb_row][et_pb_row _builder_version=&#8221;4.16&#8243; _module_preset=&#8221;default&#8221; global_colors_info=&#8221;{}&#8221;][et_pb_column type=&#8221;4_4&#8243; _builder_version=&#8221;4.16&#8243; _module_preset=&#8221;default&#8221; global_colors_info=&#8221;{}&#8221;][et_pb_text _builder_version=&#8221;4.16&#8243; _module_preset=&#8221;default&#8221; text_font=&#8221;|800|||||||&#8221; text_text_color=&#8221;#0A2938&#8243; text_font_size=&#8221;48px&#8221; text_line_height=&#8221;66px&#8221; header_2_font=&#8221;Roboto|900|||||||&#8221; header_2_text_color=&#8221;#0A2938&#8243; header_2_font_size=&#8221;48px&#8221; text_font_size_tablet=&#8221;58px&#8221; text_font_size_phone=&#8221;58px&#8221; text_font_size_last_edited=&#8221;on|phone&#8221; text_line_height_tablet=&#8221;60px&#8221; text_line_height_phone=&#8221;60px&#8221; text_line_height_last_edited=&#8221;on|desktop&#8221; global_colors_info=&#8221;{}&#8221;]<\/p>\n<h2>Maintenance<\/h2>\n<p>[\/et_pb_text][\/et_pb_column][\/et_pb_row][et_pb_row column_structure=&#8221;2_3,1_3&#8243; module_class=&#8221;tablet-two-cols&#8221; _builder_version=&#8221;4.16&#8243; _module_preset=&#8221;default&#8221; custom_padding=&#8221;0px|||||&#8221; global_colors_info=&#8221;{}&#8221;][et_pb_column type=&#8221;2_3&#8243; _builder_version=&#8221;4.16&#8243; _module_preset=&#8221;default&#8221; global_colors_info=&#8221;{}&#8221;][et_pb_text _builder_version=&#8221;4.16&#8243; _module_preset=&#8221;default&#8221; text_font=&#8221;||||||||&#8221; text_text_color=&#8221;#0A2938&#8243; width=&#8221;650px&#8221; width_tablet=&#8221;100%&#8221; width_phone=&#8221;100%&#8221; width_last_edited=&#8221;on|desktop&#8221; custom_margin=&#8221;||50px|||&#8221; global_colors_info=&#8221;{}&#8221;]Any commercial refrigeration system is a significant investment that must be maintained to ensure optimal operation. This aspect of your equipment should not be neglected, as it can lead to expensive energy bills, not to mention the significant repair costs that can accumulate!  <\/p>\n<p>Regular maintenance greatly reduces the likelihood of equipment malfunction or damage. A routine inspection should be performed to determine when parts need to be replaced. This will prevent them from exceeding their intended use, which could lead to malfunction or unexpected downtime. [\/et_pb_text][et_pb_button button_url=&#8221;https:\/\/koldrefrigeration.com\/en\/contact-us\/&#8221; button_text=&#8221;Contact us&#8221; button_alignment=&#8221;left&#8221; button_alignment_tablet=&#8221;center&#8221; button_alignment_phone=&#8221;center&#8221; button_alignment_last_edited=&#8221;on|phone&#8221; _builder_version=&#8221;4.19.5&#8243; _module_preset=&#8221;default&#8221; custom_button=&#8221;on&#8221; button_text_size=&#8221;14px&#8221; button_text_color=&#8221;#FFFFFF&#8221; button_bg_color=&#8221;#0A2938&#8243; button_border_width=&#8221;1px&#8221; button_border_color=&#8221;#0A2938&#8243; button_border_radius=&#8221;20px&#8221; button_font=&#8221;Roboto|||on|||||&#8221; button_use_icon=&#8221;off&#8221; custom_margin=&#8221;35px||||false|false&#8221; custom_margin_tablet=&#8221;|0px|||false|false&#8221; custom_margin_phone=&#8221;|0px|||false|false&#8221; custom_margin_last_edited=&#8221;on|desktop&#8221; custom_padding=&#8221;9px|20px|9px|20px|true|true&#8221; custom_padding_tablet=&#8221;|20px||20px|true|true&#8221; custom_padding_phone=&#8221;|20px||20px|true|true&#8221; custom_padding_last_edited=&#8221;on|tablet&#8221; button_text_size_tablet=&#8221;14px&#8221; button_text_size_phone=&#8221;14px&#8221; button_text_size_last_edited=&#8221;on|tablet&#8221; button_border_color_tablet=&#8221;#0A2938&#8243; button_border_color_phone=&#8221;#0A2938&#8243; button_border_color_last_edited=&#8221;on|desktop&#8221; global_colors_info=&#8221;{}&#8221; button_bg_color__hover_enabled=&#8221;on|hover&#8221; button_bg_color__hover=&#8221;#8DA3B5&#8243; button_bg_enable_color__hover=&#8221;on&#8221; button_border_color__hover_enabled=&#8221;on|hover&#8221; button_border_color__hover=&#8221;#8DA3B5&#8243;][\/et_pb_button][\/et_pb_column][et_pb_column type=&#8221;1_3&#8243; _builder_version=&#8221;4.16&#8243; _module_preset=&#8221;default&#8221; background_color=&#8221;#D7E3EF&#8221; custom_padding=&#8221;30px|30px|30px|30px|true|true&#8221; global_colors_info=&#8221;{}&#8221;][et_pb_text _builder_version=&#8221;4.16&#8243; _module_preset=&#8221;default&#8221; text_font=&#8221;||||||||&#8221; text_text_color=&#8221;#0A2938&#8243; width_tablet=&#8221;100%&#8221; width_phone=&#8221;100%&#8221; width_last_edited=&#8221;off|desktop&#8221; custom_margin=&#8221;||-2px|||&#8221; global_colors_info=&#8221;{}&#8221;]<\/p>\n<p><strong>The benefits of preventive maintenance are numerous:<\/strong><\/p>\n<ul>\n<li><strong>Increase your productivity through more efficient operation<\/strong><\/li>\n<li><strong>Improvement of the life span of your refrigeration equipment<\/strong><\/li>\n<li><strong>Reduction of downtime by anticipating part wear<\/strong><\/li>\n<\/ul>\n<p>[\/et_pb_text][\/et_pb_column][\/et_pb_row][et_pb_row _builder_version=&#8221;4.16&#8243; _module_preset=&#8221;default&#8221; z_index=&#8221;500&#8243; global_colors_info=&#8221;{}&#8221;][et_pb_column type=&#8221;4_4&#8243; _builder_version=&#8221;4.16&#8243; _module_preset=&#8221;default&#8221; global_colors_info=&#8221;{}&#8221;][et_pb_image src=&#8221;https:\/\/koldrefrigeration.com\/wp-content\/uploads\/2023\/01\/element-ronds-vides-x3.svg&#8221; title_text=&#8221;element-empty-round-x3&#8243; show_bottom_space=&#8221;off&#8221; _builder_version=&#8221;4.16&#8243; _module_preset=&#8221;default&#8221; positioning=&#8221;relative&#8221; vertical_offset=&#8221;20px&#8221; z_index=&#8221;500&#8243; width=&#8221;150px&#8221; width_tablet=&#8221;150px&#8221; width_phone=&#8221;149px&#8221; width_last_edited=&#8221;on|phone&#8221; global_colors_info=&#8221;{}&#8221;][\/et_pb_image][\/et_pb_column][\/et_pb_row][\/et_pb_section][et_pb_section fb_built=&#8221;1&#8243; _builder_version=&#8221;4.16&#8243; _module_preset=&#8221;default&#8221; background_color=&#8221;rgba(255,255,255,0.21)&#8221; background_image=&#8221;https:\/\/koldrefrigeration.com\/wp-content\/uploads\/2024\/12\/kold-recrutement-blanc.webp&#8221; background_blend=&#8221;screen&#8221; global_colors_info=&#8221;{}&#8221;][et_pb_row column_structure=&#8221;2_3,1_3&#8243; use_custom_gutter=&#8221;on&#8221; make_equal=&#8221;on&#8221; module_class=&#8221;tablet-two-cols &#8221; _builder_version=&#8221;4.16&#8243; _module_preset=&#8221;default&#8221; global_colors_info=&#8221;{}&#8221;][et_pb_column type=&#8221;2_3&#8243; _builder_version=&#8221;4.16&#8243; _module_preset=&#8221;default&#8221; global_colors_info=&#8221;{}&#8221;][et_pb_text _builder_version=&#8221;4.16&#8243; _module_preset=&#8221;default&#8221; text_font=&#8221;||||||||&#8221; text_text_color=&#8221;#0A2938&#8243; header_2_font=&#8221;Roboto|900|||||||&#8221; header_2_text_color=&#8221;#0A2938&#8243; header_2_font_size=&#8221;48px&#8221; custom_margin=&#8221;31px||||false|false&#8221; global_colors_info=&#8221;{}&#8221;]<\/p>\n<h2>We are recruiting!<\/h2>\n<p>[\/et_pb_text][et_pb_text _builder_version=&#8221;4.16&#8243; _module_preset=&#8221;default&#8221; text_font=&#8221;||||||||&#8221; text_text_color=&#8221;#0A2938&#8243; custom_margin=&#8221;31px||||false|false&#8221; global_colors_info=&#8221;{}&#8221;]Are you looking for a dynamic environment where your talent and know-how will be appreciated and where you will be able to fulfill yourself on a daily basis? [\/et_pb_text][\/et_pb_column][et_pb_column type=&#8221;1_3&#8243; module_class=&#8221;vertical-align&#8221; _builder_version=&#8221;4.16&#8243; _module_preset=&#8221;default&#8221; custom_padding=&#8221;95px||||false|false&#8221; custom_padding_tablet=&#8221;145px||||false|false&#8221; custom_padding_phone=&#8221;0px||||false|false&#8221; custom_padding_last_edited=&#8221;on|phone&#8221; global_colors_info=&#8221;{}&#8221;][et_pb_button button_url=&#8221;https:\/\/koldrefrigeration.com\/en\/careers\/&#8221; button_text=&#8221;BECOME A MEMBER OF OUR TEAM&#8221; button_alignment=&#8221;left&#8221; _builder_version=&#8221;4.19.5&#8243; _module_preset=&#8221;default&#8221; custom_button=&#8221;on&#8221; button_text_size=&#8221;14px&#8221; button_text_color=&#8221;#0A2938&#8243; button_bg_color=&#8221;RGBA(255,255,255,0)&#8221; button_border_width=&#8221;1px&#8221; button_border_radius=&#8221;20px&#8221; button_font=&#8221;Roboto|||on|||||&#8221; button_use_icon=&#8221;off&#8221; horizontal_offset=&#8221;-40px&#8221; horizontal_offset_tablet=&#8221;-150px&#8221; horizontal_offset_phone=&#8221;-15px&#8221; horizontal_offset_last_edited=&#8221;on|phone&#8221; custom_padding=&#8221;9px|20px|9px|20px|true|true&#8221; button_text_color_last_edited=&#8221;off|desktop&#8221; button_border_color_last_edited=&#8221;off|desktop&#8221; global_colors_info=&#8221;{}&#8221; button_bg_color__hover_enabled=&#8221;on|hover&#8221; button_bg_color__hover=&#8221;#0A2938&#8243; button_bg_enable_color__hover=&#8221;on&#8221; button_text_color__hover_enabled=&#8221;on|hover&#8221; button_text_color__hover=&#8221;#FFFFFF&#8221; button_border_color__hover_enabled=&#8221;on|hover&#8221; button_border_color__hover=&#8221;#0A2938&#8243;][\/et_pb_button][\/et_pb_column][\/et_pb_row][\/et_pb_section]<\/p>\n","protected":false},"excerpt":{"rendered":"<p>Sp\u00e9cialiste en installation de syst\u00e8me de r\u00e9frig\u00e9ration Installation, repair and maintenance services for refrigeration systems, adapted to all types of industries.InstallationSmall or large project, we can help you! The installation of new equipment is our specialty. Our team of professionals will verify the requirements for the installation of the refrigeration. We will propose the best [&hellip;]<\/p>\n","protected":false},"author":1,"featured_media":0,"parent":0,"menu_order":0,"comment_status":"closed","ping_status":"closed","template":"","meta":{"_et_pb_use_builder":"on","_et_pb_old_content":"","_et_gb_content_width":"","footnotes":""},"class_list":["post-231","page","type-page","status-publish","hentry"],"yoast_head":"<!-- This site is optimized with the Yoast SEO plugin v23.9 - https:\/\/yoast.com\/wordpress\/plugins\/seo\/ -->\n<title>Refrigeration Repair &amp; Maintenance | Kold Refrigeration<\/title>\n<meta name=\"description\" content=\"Our team of refrigeration specialists takes care of the installation, preventive and corrective maintenance, repair or upgrade of refrigeration equipment\" \/>\n<meta name=\"robots\" content=\"index, follow, max-snippet:-1, max-image-preview:large, max-video-preview:-1\" \/>\n<link rel=\"canonical\" href=\"https:\/\/koldrefrigeration.com\/en\/services\/\" \/>\n<meta property=\"og:locale\" content=\"en_US\" \/>\n<meta property=\"og:type\" content=\"article\" \/>\n<meta property=\"og:title\" content=\"Refrigeration Repair &amp; Maintenance | Kold Refrigeration\" \/>\n<meta property=\"og:description\" content=\"Our team of refrigeration specialists takes care of the installation, preventive and corrective maintenance, repair or upgrade of refrigeration equipment\" \/>\n<meta property=\"og:url\" content=\"https:\/\/koldrefrigeration.com\/en\/services\/\" \/>\n<meta property=\"og:site_name\" content=\"Kold R\u00e9frig\u00e9ration\" \/>\n<meta property=\"article:modified_time\" content=\"2024-12-05T21:59:21+00:00\" \/>\n<meta name=\"twitter:card\" content=\"summary_large_image\" \/>\n<meta name=\"twitter:label1\" content=\"Est. reading time\" \/>\n\t<meta name=\"twitter:data1\" content=\"4 minutes\" \/>\n<script type=\"application\/ld+json\" class=\"yoast-schema-graph\">{\"@context\":\"https:\/\/schema.org\",\"@graph\":[{\"@type\":\"WebPage\",\"@id\":\"https:\/\/koldrefrigeration.com\/en\/services\/\",\"url\":\"https:\/\/koldrefrigeration.com\/en\/services\/\",\"name\":\"Refrigeration Repair & Maintenance | Kold Refrigeration\",\"isPartOf\":{\"@id\":\"https:\/\/koldrefrigeration.com\/en\/#website\"},\"datePublished\":\"2023-01-23T16:38:50+00:00\",\"dateModified\":\"2024-12-05T21:59:21+00:00\",\"description\":\"Our team of refrigeration specialists takes care of the installation, preventive and corrective maintenance, repair or upgrade of refrigeration equipment\",\"breadcrumb\":{\"@id\":\"https:\/\/koldrefrigeration.com\/en\/services\/#breadcrumb\"},\"inLanguage\":\"en-US\",\"potentialAction\":[{\"@type\":\"ReadAction\",\"target\":[\"https:\/\/koldrefrigeration.com\/en\/services\/\"]}]},{\"@type\":\"BreadcrumbList\",\"@id\":\"https:\/\/koldrefrigeration.com\/en\/services\/#breadcrumb\",\"itemListElement\":[{\"@type\":\"ListItem\",\"position\":1,\"name\":\"Accueil\",\"item\":\"https:\/\/koldrefrigeration.com\/en\/\"},{\"@type\":\"ListItem\",\"position\":2,\"name\":\"Services\"}]},{\"@type\":\"WebSite\",\"@id\":\"https:\/\/koldrefrigeration.com\/en\/#website\",\"url\":\"https:\/\/koldrefrigeration.com\/en\/\",\"name\":\"Kold R\u00e9frig\u00e9ration\",\"description\":\"Le froid a son \u00e9tat pur\",\"potentialAction\":[{\"@type\":\"SearchAction\",\"target\":{\"@type\":\"EntryPoint\",\"urlTemplate\":\"https:\/\/koldrefrigeration.com\/en\/?s={search_term_string}\"},\"query-input\":{\"@type\":\"PropertyValueSpecification\",\"valueRequired\":true,\"valueName\":\"search_term_string\"}}],\"inLanguage\":\"en-US\"}]}<\/script>\n<!-- \/ Yoast SEO plugin. -->","yoast_head_json":{"title":"Refrigeration Repair & Maintenance | Kold Refrigeration","description":"Our team of refrigeration specialists takes care of the installation, preventive and corrective maintenance, repair or upgrade of refrigeration equipment","robots":{"index":"index","follow":"follow","max-snippet":"max-snippet:-1","max-image-preview":"max-image-preview:large","max-video-preview":"max-video-preview:-1"},"canonical":"https:\/\/koldrefrigeration.com\/en\/services\/","og_locale":"en_US","og_type":"article","og_title":"Refrigeration Repair & Maintenance | Kold Refrigeration","og_description":"Our team of refrigeration specialists takes care of the installation, preventive and corrective maintenance, repair or upgrade of refrigeration equipment","og_url":"https:\/\/koldrefrigeration.com\/en\/services\/","og_site_name":"Kold R\u00e9frig\u00e9ration","article_modified_time":"2024-12-05T21:59:21+00:00","twitter_card":"summary_large_image","twitter_misc":{"Est. reading time":"4 minutes"},"schema":{"@context":"https:\/\/schema.org","@graph":[{"@type":"WebPage","@id":"https:\/\/koldrefrigeration.com\/en\/services\/","url":"https:\/\/koldrefrigeration.com\/en\/services\/","name":"Refrigeration Repair & Maintenance | Kold Refrigeration","isPartOf":{"@id":"https:\/\/koldrefrigeration.com\/en\/#website"},"datePublished":"2023-01-23T16:38:50+00:00","dateModified":"2024-12-05T21:59:21+00:00","description":"Our team of refrigeration specialists takes care of the installation, preventive and corrective maintenance, repair or upgrade of refrigeration equipment","breadcrumb":{"@id":"https:\/\/koldrefrigeration.com\/en\/services\/#breadcrumb"},"inLanguage":"en-US","potentialAction":[{"@type":"ReadAction","target":["https:\/\/koldrefrigeration.com\/en\/services\/"]}]},{"@type":"BreadcrumbList","@id":"https:\/\/koldrefrigeration.com\/en\/services\/#breadcrumb","itemListElement":[{"@type":"ListItem","position":1,"name":"Accueil","item":"https:\/\/koldrefrigeration.com\/en\/"},{"@type":"ListItem","position":2,"name":"Services"}]},{"@type":"WebSite","@id":"https:\/\/koldrefrigeration.com\/en\/#website","url":"https:\/\/koldrefrigeration.com\/en\/","name":"Kold R\u00e9frig\u00e9ration","description":"Le froid a son \u00e9tat pur","potentialAction":[{"@type":"SearchAction","target":{"@type":"EntryPoint","urlTemplate":"https:\/\/koldrefrigeration.com\/en\/?s={search_term_string}"},"query-input":{"@type":"PropertyValueSpecification","valueRequired":true,"valueName":"search_term_string"}}],"inLanguage":"en-US"}]}},"_links":{"self":[{"href":"https:\/\/koldrefrigeration.com\/en\/wp-json\/wp\/v2\/pages\/231","targetHints":{"allow":["GET"]}}],"collection":[{"href":"https:\/\/koldrefrigeration.com\/en\/wp-json\/wp\/v2\/pages"}],"about":[{"href":"https:\/\/koldrefrigeration.com\/en\/wp-json\/wp\/v2\/types\/page"}],"author":[{"embeddable":true,"href":"https:\/\/koldrefrigeration.com\/en\/wp-json\/wp\/v2\/users\/1"}],"replies":[{"embeddable":true,"href":"https:\/\/koldrefrigeration.com\/en\/wp-json\/wp\/v2\/comments?post=231"}],"version-history":[{"count":5,"href":"https:\/\/koldrefrigeration.com\/en\/wp-json\/wp\/v2\/pages\/231\/revisions"}],"predecessor-version":[{"id":1081,"href":"https:\/\/koldrefrigeration.com\/en\/wp-json\/wp\/v2\/pages\/231\/revisions\/1081"}],"wp:attachment":[{"href":"https:\/\/koldrefrigeration.com\/en\/wp-json\/wp\/v2\/media?parent=231"}],"curies":[{"name":"wp","href":"https:\/\/api.w.org\/{rel}","templated":true}]}}