{"id":224,"date":"2023-01-23T16:39:30","date_gmt":"2023-01-23T16:39:30","guid":{"rendered":"https:\/\/koldrefrigeration.com\/online-submission\/"},"modified":"2024-11-29T15:34:43","modified_gmt":"2024-11-29T15:34:43","slug":"contact-us","status":"publish","type":"page","link":"https:\/\/koldrefrigeration.com\/en\/contact-us\/","title":{"rendered":"Contact us"},"content":{"rendered":"<p>[et_pb_section fb_built=&#8221;1&#8243; _builder_version=&#8221;4.19.5&#8243; _module_preset=&#8221;default&#8221; use_background_color_gradient=&#8221;on&#8221; background_color_gradient_stops=&#8221;#0a1b24 0%|#4d6677 100%&#8221; background_color_gradient_start=&#8221;#0a1b24&#8243; background_color_gradient_end=&#8221;#4d6677&#8243; background_enable_image=&#8221;off&#8221; min_height_tablet=&#8221;700px&#8221; min_height_phone=&#8221;&#8221; min_height_last_edited=&#8221;on|phone&#8221; max_height_tablet=&#8221;800px&#8221; max_height_phone=&#8221;&#8221; max_height_last_edited=&#8221;on|tablet&#8221; custom_padding=&#8221;112px||112px||true|&#8221; global_colors_info=&#8221;{}&#8221;][et_pb_row _builder_version=&#8221;4.16&#8243; _module_preset=&#8221;default&#8221; custom_margin=&#8221;-100px||||false|false&#8221; global_colors_info=&#8221;{}&#8221;][et_pb_column type=&#8221;4_4&#8243; _builder_version=&#8221;4.16&#8243; _module_preset=&#8221;default&#8221; global_colors_info=&#8221;{}&#8221;][et_pb_text _builder_version=&#8221;4.19.5&#8243; _module_preset=&#8221;default&#8221; text_font=&#8221;|300|||||||&#8221; text_text_color=&#8221;#FFFFFF&#8221; text_font_size=&#8221;14px&#8221; header_font=&#8221;Roboto|300|||||||&#8221; header_text_color=&#8221;#FFFFFF&#8221; header_font_size=&#8221;14px&#8221; width=&#8221;650px&#8221; width_tablet=&#8221;100%&#8221; width_phone=&#8221;100%&#8221; width_last_edited=&#8221;on|phone&#8221; custom_margin=&#8221;||7px||false|false&#8221; text_font_size_tablet=&#8221;14px&#8221; text_font_size_phone=&#8221;14px&#8221; text_font_size_last_edited=&#8221;on|tablet&#8221; text_line_height_tablet=&#8221;18px&#8221; text_line_height_phone=&#8221;18px&#8221; text_line_height_last_edited=&#8221;on|desktop&#8221; border_width_bottom=&#8221;0px&#8221; border_color_bottom=&#8221;#FFFFFF&#8221; global_colors_info=&#8221;{}&#8221;]<\/p>\n<p>Refrigeration system installation specialist.<\/p>\n<p>[\/et_pb_text][et_pb_text _builder_version=&#8221;4.20.0&#8243; _module_preset=&#8221;default&#8221; text_text_color=&#8221;#FFFFFF&#8221; text_font_size=&#8221;62px&#8221; text_line_height=&#8221;66px&#8221; header_font=&#8221;Roboto||||||||&#8221; header_text_color=&#8221;#FFFFFF&#8221; header_font_size=&#8221;62px&#8221; header_line_height=&#8221;66px&#8221; max_width_phone=&#8221;90%&#8221; max_width_last_edited=&#8221;off|desktop&#8221; custom_padding=&#8221;18px||18px||true|false&#8221; text_font_size_tablet=&#8221;58px&#8221; text_font_size_phone=&#8221;46px&#8221; text_font_size_last_edited=&#8221;on|phone&#8221; text_line_height_tablet=&#8221;60px&#8221; text_line_height_phone=&#8221;44px&#8221; text_line_height_last_edited=&#8221;on|desktop&#8221; header_font_size_tablet=&#8221;58px&#8221; header_font_size_phone=&#8221;32px&#8221; header_font_size_last_edited=&#8221;on|phone&#8221; header_line_height_tablet=&#8221;60px&#8221; header_line_height_phone=&#8221;36px&#8221; header_line_height_last_edited=&#8221;on|tablet&#8221; border_width_top=&#8221;1px&#8221; border_color_top=&#8221;#FFFFFF&#8221; border_width_bottom=&#8221;1px&#8221; border_color_bottom=&#8221;#FFFFFF&#8221; global_colors_info=&#8221;{}&#8221;]<\/p>\n<h1><em> Contact<\/em> <span style=\"font-weight: 800;\"> Kold Refrigeration <\/span> Team<\/h1>\n<p>[\/et_pb_text][\/et_pb_column][\/et_pb_row][\/et_pb_section][et_pb_section fb_built=&#8221;1&#8243; _builder_version=&#8221;4.16&#8243; _module_preset=&#8221;default&#8221; custom_padding=&#8221;75px||0px|||&#8221; global_colors_info=&#8221;{}&#8221;][et_pb_row _builder_version=&#8221;4.16&#8243; _module_preset=&#8221;default&#8221; global_colors_info=&#8221;{}&#8221;][et_pb_column type=&#8221;4_4&#8243; _builder_version=&#8221;4.16&#8243; _module_preset=&#8221;default&#8221; global_colors_info=&#8221;{}&#8221;][et_pb_text _builder_version=&#8221;4.16&#8243; _module_preset=&#8221;default&#8221; text_font=&#8221;|800|||||||&#8221; text_text_color=&#8221;#0A2938&#8243; text_font_size=&#8221;48px&#8221; text_line_height=&#8221;66px&#8221; header_2_font=&#8221;Roboto|900|||||||&#8221; header_2_text_color=&#8221;#0A2938&#8243; header_2_font_size=&#8221;48px&#8221; text_font_size_tablet=&#8221;58px&#8221; text_font_size_phone=&#8221;58px&#8221; text_font_size_last_edited=&#8221;on|phone&#8221; text_line_height_tablet=&#8221;60px&#8221; text_line_height_phone=&#8221;60px&#8221; text_line_height_last_edited=&#8221;on|desktop&#8221; global_colors_info=&#8221;{}&#8221;]<\/p>\n<h2>Request a quote<\/h2>\n<p>[\/et_pb_text][\/et_pb_column][\/et_pb_row][et_pb_row column_structure=&#8221;2_3,1_3&#8243; module_class=&#8221;tablet-two-cols&#8221; _builder_version=&#8221;4.16&#8243; _module_preset=&#8221;default&#8221; custom_padding=&#8221;0px|||||&#8221; global_colors_info=&#8221;{}&#8221;][et_pb_column type=&#8221;2_3&#8243; _builder_version=&#8221;4.16&#8243; _module_preset=&#8221;default&#8221; global_colors_info=&#8221;{}&#8221;][et_pb_text _builder_version=&#8221;4.16&#8243; _module_preset=&#8221;default&#8221; text_font=&#8221;||||||||&#8221; text_text_color=&#8221;#0A2938&#8243; width=&#8221;650px&#8221; width_tablet=&#8221;100%&#8221; width_phone=&#8221;100%&#8221; width_last_edited=&#8221;on|desktop&#8221; custom_margin=&#8221;||50px|||&#8221; global_colors_info=&#8221;{}&#8221;]<\/p>\n<p>Do you have refrigeration equipment<strong> to install?<\/strong><\/p>\n<p>Complete the form below and our team will contact you to plan this project.<\/p>\n<p>[\/et_pb_text][et_pb_text _builder_version=&#8221;4.23&#8243; _module_preset=&#8221;default&#8221; hover_enabled=&#8221;0&#8243; global_colors_info=&#8221;{}&#8221; sticky_enabled=&#8221;0&#8243;]<\/p>\n<div class=\"frm_forms  with_frm_style frm_style_kold\" id=\"frm_form_5_container\" data-token=\"4e79edf7793dd9ae2cca8c9fdaa06edc\">\n<form enctype=\"multipart\/form-data\" method=\"post\" class=\"frm-show-form  frm_pro_form \" id=\"form_5ryad32\" data-token=\"4e79edf7793dd9ae2cca8c9fdaa06edc\">\n<div class=\"frm_form_fields \">\n<fieldset>\n<legend class=\"frm_screen_reader\">contact- eng<\/legend>\r\n\r\n<div class=\"frm_fields_container\">\n<input type=\"hidden\" name=\"frm_action\" value=\"create\" \/>\n<input type=\"hidden\" name=\"form_id\" value=\"5\" \/>\n<input type=\"hidden\" name=\"frm_hide_fields_5\" id=\"frm_hide_fields_5\" value=\"\" \/>\n<input type=\"hidden\" name=\"form_key\" value=\"5ryad32\" \/>\n<input type=\"hidden\" name=\"item_meta[0]\" value=\"\" \/>\n<input type=\"hidden\" id=\"frm_submit_entry_5\" name=\"frm_submit_entry_5\" value=\"fd3781b415\" \/><input type=\"hidden\" name=\"_wp_http_referer\" value=\"\/en\/wp-json\/wp\/v2\/pages\/224\" \/><div id=\"frm_field_30_container\" class=\"frm_form_field form-field  frm_required_field frm_inside_container frm6 frm_first\">\r\n\t<label for=\"field_3dq9c32\" id=\"field_3dq9c32_label\" class=\"frm_primary_label\">First name\r\n\t\t<span class=\"frm_required\" aria-hidden=\"true\">*<\/span>\r\n\t<\/label>\r\n\t<input type=\"text\" id=\"field_3dq9c32\" name=\"item_meta[30]\" value=\"\"  data-reqmsg=\"First name cannot be blank.\" aria-required=\"true\" data-invmsg=\"First name is invalid\" aria-invalid=\"false\"  \/>\r\n\t\r\n\t\r\n<\/div>\n<div id=\"frm_field_31_container\" class=\"frm_form_field form-field  frm_required_field frm_inside_container frm6\">\r\n\t<label for=\"field_e30af32\" id=\"field_e30af32_label\" class=\"frm_primary_label\">Last name\r\n\t\t<span class=\"frm_required\" aria-hidden=\"true\">*<\/span>\r\n\t<\/label>\r\n\t<input type=\"text\" id=\"field_e30af32\" name=\"item_meta[31]\" value=\"\"  data-reqmsg=\"Last name cannot be blank.\" aria-required=\"true\" data-invmsg=\"Last name is invalid\" aria-invalid=\"false\"  \/>\r\n\t\r\n\t\r\n<\/div>\n<div id=\"frm_field_32_container\" class=\"frm_form_field form-field  frm_required_field frm_inside_container frm6 frm_first\">\r\n\t<label for=\"field_u17ee32\" id=\"field_u17ee32_label\" class=\"frm_primary_label\">Email\r\n\t\t<span class=\"frm_required\" aria-hidden=\"true\">*<\/span>\r\n\t<\/label>\r\n\t<input type=\"email\" id=\"field_u17ee32\" name=\"item_meta[32]\" value=\"\"  data-reqmsg=\"Email cannot be blank.\" aria-required=\"true\" data-invmsg=\"Email is invalid\" aria-invalid=\"false\"  \/>\r\n\t\r\n\t\r\n<\/div>\n<div id=\"frm_field_40_container\" class=\"frm_form_field form-field  frm_inside_container frm6\">\r\n\t<label for=\"field_bz71b\" id=\"field_bz71b_label\" class=\"frm_primary_label\">Phone number\r\n\t\t<span class=\"frm_required\" aria-hidden=\"true\"><\/span>\r\n\t<\/label>\r\n\t<input type=\"tel\" id=\"field_bz71b\" name=\"item_meta[40]\" value=\"\"  data-invmsg=\"Phone number est non valide\" aria-invalid=\"false\" pattern=\"((\\+\\d{1,3}(-|.| )?\\(?\\d\\)?(-| |.)?\\d{1,5})|(\\(?\\d{2,6}\\)?))(-|.| )?(\\d{3,4})(-|.| )?(\\d{4})(( x| ext)\\d{1,5}){0,1}$\"  \/>\r\n\t\r\n\t\r\n<\/div>\n<div id=\"frm_field_34_container\" class=\"frm_form_field form-field  frm_inside_container frm12 frm_first\">\r\n\t<label for=\"field_3srst32\" id=\"field_3srst32_label\" class=\"frm_primary_label\">City\/Town\r\n\t\t<span class=\"frm_required\" aria-hidden=\"true\"><\/span>\r\n\t<\/label>\r\n\t<input type=\"text\" id=\"field_3srst32\" name=\"item_meta[34]\" value=\"\"  data-invmsg=\"City\/Town is invalid\" aria-invalid=\"false\"  \/>\r\n\t\r\n\t\r\n<\/div>\n<div id=\"frm_field_35_container\" class=\"frm_form_field form-field  frm_inside_container\">\r\n\t<label for=\"field_q5ane2\" id=\"field_q5ane2_label\" class=\"frm_primary_label\">Equipment description\r\n\t\t<span class=\"frm_required\" aria-hidden=\"true\"><\/span>\r\n\t<\/label>\r\n\t<input type=\"text\" id=\"field_q5ane2\" name=\"item_meta[35]\" value=\"\"  data-invmsg=\"Equipment description is invalid\" aria-invalid=\"false\"  \/>\r\n\t\r\n\t\r\n<\/div>\n<div id=\"frm_field_36_container\" class=\"frm_form_field form-field  frm_inside_container\">\r\n\t<label for=\"field_so5ac2\" id=\"field_so5ac2_label\" class=\"frm_primary_label\">Project details\r\n\t\t<span class=\"frm_required\" aria-hidden=\"true\"><\/span>\r\n\t<\/label>\r\n\t<textarea name=\"item_meta[36]\" id=\"field_so5ac2\" rows=\"5\"  data-invmsg=\"Project details is invalid\" aria-invalid=\"false\"  ><\/textarea>\r\n\t\r\n\t\r\n<\/div>\n<div id=\"frm_field_37_container\" class=\"frm_form_field form-field \">\r\n\t<div class=\"frm_submit frm_flex\">\r\n<button class=\"frm_button_submit frm_final_submit\" type=\"submit\"   formnovalidate=\"formnovalidate\">Submit<\/button>\r\n\r\n\r\n\r\n<\/div>\r\n<\/div>\n\t<input type=\"hidden\" name=\"item_key\" value=\"\" \/>\n\t\t\t\t<div class=\"frm__6747cdadebb6a\">\n\t\t\t\t<label for=\"frm_email_5\" >\n\t\t\t\t\tIf you are human, leave this field blank.\t\t\t\t<\/label>\n\t\t\t\t<input  id=\"frm_email_5\" type=\"text\" class=\"frm_verify\" name=\"frm__6747cdadebb6a\" value=\"\" autocomplete=\"off\"  \/>\n\t\t\t<\/div>\n\t\t<input name=\"frm_state\" type=\"hidden\" value=\"R6ht\/2EG50JHE01dYIIEkXFnHJt0TV1\/XJTqQ9LP0dc=\" \/><\/div>\n<\/fieldset>\n<\/div>\n\n<\/form>\n<\/div>\n\n<p>[\/et_pb_text][\/et_pb_column][et_pb_column type=&#8221;1_3&#8243; _builder_version=&#8221;4.16&#8243; _module_preset=&#8221;default&#8221; background_color=&#8221;#D7E3EF&#8221; custom_padding=&#8221;30px|30px|30px|30px|true|true&#8221; global_colors_info=&#8221;{}&#8221;][et_pb_text _builder_version=&#8221;4.19.5&#8243; _module_preset=&#8221;default&#8221; text_font=&#8221;||||||||&#8221; text_text_color=&#8221;#0A2938&#8243; link_font=&#8221;||||on|||#0A2938|&#8221; link_text_color=&#8221;#0A2938&#8243; width_tablet=&#8221;100%&#8221; width_phone=&#8221;100%&#8221; width_last_edited=&#8221;off|desktop&#8221; custom_margin=&#8221;||-2px|||&#8221; global_colors_info=&#8221;{}&#8221;]<\/p>\n<p><strong> Are you having issues with your refrigeration equipment? <\/strong><\/p>\n<p>Dial <strong>1-833-733-5653<\/strong><\/p>\n<p>Our team will plan a visit to evaluate your request and offer the best possible solutions!<\/p>\n<p>[\/et_pb_text][\/et_pb_column][\/et_pb_row][\/et_pb_section]<\/p>\n","protected":false},"excerpt":{"rendered":"<p>Refrigeration system installation specialist. Contact Kold Refrigeration TeamRequest a quoteDo you have refrigeration equipment to install? Complete the form below and our team will contact you to plan this project.<div class=\"frm_forms  with_frm_style frm_style_kold\" id=\"frm_form_5_container\" data-token=\"4e79edf7793dd9ae2cca8c9fdaa06edc\" data-token=\"4e79edf7793dd9ae2cca8c9fdaa06edc\">\n<form enctype=\"multipart\/form-data\" method=\"post\" class=\"frm-show-form  frm_pro_form \" id=\"form_5ryad32\" data-token=\"4e79edf7793dd9ae2cca8c9fdaa06edc\" data-token=\"4e79edf7793dd9ae2cca8c9fdaa06edc\">\n<div class=\"frm_form_fields \">\n<fieldset>\n<legend class=\"frm_screen_reader\">contact- eng<\/legend>\r\n\r\n<div class=\"frm_fields_container\">\n<input type=\"hidden\" name=\"frm_action\" value=\"create\" \/>\n<input type=\"hidden\" name=\"form_id\" value=\"5\" \/>\n<input type=\"hidden\" name=\"frm_hide_fields_5\" id=\"frm_hide_fields_5\" value=\"\" \/>\n<input type=\"hidden\" name=\"form_key\" value=\"5ryad32\" \/>\n<input type=\"hidden\" name=\"item_meta[0]\" value=\"\" \/>\n<input type=\"hidden\" id=\"frm_submit_entry_5\" name=\"frm_submit_entry_5\" value=\"fd3781b415\" \/><input type=\"hidden\" name=\"_wp_http_referer\" value=\"\/en\/wp-json\/wp\/v2\/pages\/224\" \/><div id=\"frm_field_30_container\" class=\"frm_form_field form-field  frm_required_field frm_inside_container frm6 frm_first\">\r\n\t<label for=\"field_3dq9c32\" id=\"field_3dq9c32_label\" class=\"frm_primary_label\">First name\r\n\t\t<span class=\"frm_required\" aria-hidden=\"true\">*<\/span>\r\n\t<\/label>\r\n\t<input type=\"text\" id=\"field_3dq9c32\" name=\"item_meta[30]\" value=\"\"  data-reqmsg=\"First name cannot be blank.\" aria-required=\"true\" data-invmsg=\"First name is invalid\" aria-invalid=\"false\"  \/>\r\n\t\r\n\t\r\n<\/div>\n<div id=\"frm_field_31_container\" class=\"frm_form_field form-field  frm_required_field frm_inside_container frm6\">\r\n\t<label for=\"field_e30af32\" id=\"field_e30af32_label\" class=\"frm_primary_label\">Last name\r\n\t\t<span class=\"frm_required\" aria-hidden=\"true\">*<\/span>\r\n\t<\/label>\r\n\t<input type=\"text\" id=\"field_e30af32\" name=\"item_meta[31]\" value=\"\"  data-reqmsg=\"Last name cannot be blank.\" aria-required=\"true\" data-invmsg=\"Last name is invalid\" aria-invalid=\"false\"  \/>\r\n\t\r\n\t\r\n<\/div>\n<div id=\"frm_field_32_container\" class=\"frm_form_field form-field  frm_required_field frm_inside_container frm6 frm_first\">\r\n\t<label for=\"field_u17ee32\" id=\"field_u17ee32_label\" class=\"frm_primary_label\">Email\r\n\t\t<span class=\"frm_required\" aria-hidden=\"true\">*<\/span>\r\n\t<\/label>\r\n\t<input type=\"email\" id=\"field_u17ee32\" name=\"item_meta[32]\" value=\"\"  data-reqmsg=\"Email cannot be blank.\" aria-required=\"true\" data-invmsg=\"Email is invalid\" aria-invalid=\"false\"  \/>\r\n\t\r\n\t\r\n<\/div>\n<div id=\"frm_field_40_container\" class=\"frm_form_field form-field  frm_inside_container frm6\">\r\n\t<label for=\"field_bz71b\" id=\"field_bz71b_label\" class=\"frm_primary_label\">Phone number\r\n\t\t<span class=\"frm_required\" aria-hidden=\"true\"><\/span>\r\n\t<\/label>\r\n\t<input type=\"tel\" id=\"field_bz71b\" name=\"item_meta[40]\" value=\"\"  data-invmsg=\"Phone number est non valide\" aria-invalid=\"false\" pattern=\"((\\+\\d{1,3}(-|.| )?\\(?\\d\\)?(-| |.)?\\d{1,5})|(\\(?\\d{2,6}\\)?))(-|.| )?(\\d{3,4})(-|.| )?(\\d{4})(( x| ext)\\d{1,5}){0,1}$\"  \/>\r\n\t\r\n\t\r\n<\/div>\n<div id=\"frm_field_34_container\" class=\"frm_form_field form-field  frm_inside_container frm12 frm_first\">\r\n\t<label for=\"field_3srst32\" id=\"field_3srst32_label\" class=\"frm_primary_label\">City\/Town\r\n\t\t<span class=\"frm_required\" aria-hidden=\"true\"><\/span>\r\n\t<\/label>\r\n\t<input type=\"text\" id=\"field_3srst32\" name=\"item_meta[34]\" value=\"\"  data-invmsg=\"City\/Town is invalid\" aria-invalid=\"false\"  \/>\r\n\t\r\n\t\r\n<\/div>\n<div id=\"frm_field_35_container\" class=\"frm_form_field form-field  frm_inside_container\">\r\n\t<label for=\"field_q5ane2\" id=\"field_q5ane2_label\" class=\"frm_primary_label\">Equipment description\r\n\t\t<span class=\"frm_required\" aria-hidden=\"true\"><\/span>\r\n\t<\/label>\r\n\t<input type=\"text\" id=\"field_q5ane2\" name=\"item_meta[35]\" value=\"\"  data-invmsg=\"Equipment description is invalid\" aria-invalid=\"false\"  \/>\r\n\t\r\n\t\r\n<\/div>\n<div id=\"frm_field_36_container\" class=\"frm_form_field form-field  frm_inside_container\">\r\n\t<label for=\"field_so5ac2\" id=\"field_so5ac2_label\" class=\"frm_primary_label\">Project details\r\n\t\t<span class=\"frm_required\" aria-hidden=\"true\"><\/span>\r\n\t<\/label>\r\n\t<textarea name=\"item_meta[36]\" id=\"field_so5ac2\" rows=\"5\"  data-invmsg=\"Project details is invalid\" aria-invalid=\"false\"  ><\/textarea>\r\n\t\r\n\t\r\n<\/div>\n<div id=\"frm_field_37_container\" class=\"frm_form_field form-field \">\r\n\t<div class=\"frm_submit frm_flex\">\r\n<button class=\"frm_button_submit frm_final_submit\" type=\"submit\"   formnovalidate=\"formnovalidate\">Submit<\/button>\r\n\r\n\r\n\r\n<\/div>\r\n<\/div>\n\t<input type=\"hidden\" name=\"item_key\" value=\"\" \/>\n\t\t\t\t<div class=\"frm__6747cdadebb6a\">\n\t\t\t\t<label for=\"frm_email_5\" >\n\t\t\t\t\tIf you are human, leave this field blank.\t\t\t\t<\/label>\n\t\t\t\t<input  id=\"frm_email_5\" type=\"text\" class=\"frm_verify\" name=\"frm__6747cdadebb6a\" value=\"\" autocomplete=\"off\"  \/>\n\t\t\t<\/div>\n\t\t<input name=\"frm_state\" type=\"hidden\" value=\"R6ht\/2EG50JHE01dYIIEkXFnHJt0TV1\/XJTqQ9LP0dc=\" \/><\/div>\n<\/fieldset>\n<\/div>\n\n<\/form>\n<\/div>\n Are you having issues with your refrigeration equipment? Dial 1-833-733-5653 Our team will plan a visit to evaluate your request and offer the best [&hellip;]<\/p>\n","protected":false},"author":1,"featured_media":0,"parent":0,"menu_order":0,"comment_status":"closed","ping_status":"closed","template":"","meta":{"_et_pb_use_builder":"on","_et_pb_old_content":"","_et_gb_content_width":"","footnotes":""},"class_list":["post-224","page","type-page","status-publish","hentry"],"yoast_head":"<!-- This site is optimized with the Yoast SEO plugin v23.9 - https:\/\/yoast.com\/wordpress\/plugins\/seo\/ -->\n<title>To contact our team | Kold Refrigeration<\/title>\n<meta name=\"description\" content=\"You have questions or specific requests? Find Kold Refrigeration&#039;s contact information or use the online submission form to contact us.\" \/>\n<meta name=\"robots\" content=\"index, follow, max-snippet:-1, max-image-preview:large, max-video-preview:-1\" \/>\n<link rel=\"canonical\" href=\"https:\/\/koldrefrigeration.com\/en\/contact-us\/\" \/>\n<meta property=\"og:locale\" content=\"en_US\" \/>\n<meta property=\"og:type\" content=\"article\" \/>\n<meta property=\"og:title\" content=\"To contact our team | Kold Refrigeration\" \/>\n<meta property=\"og:description\" content=\"You have questions or specific requests? Find Kold Refrigeration&#039;s contact information or use the online submission form to contact us.\" \/>\n<meta property=\"og:url\" content=\"https:\/\/koldrefrigeration.com\/en\/contact-us\/\" \/>\n<meta property=\"og:site_name\" content=\"Kold R\u00e9frig\u00e9ration\" \/>\n<meta property=\"article:modified_time\" content=\"2024-11-29T15:34:43+00:00\" \/>\n<meta name=\"twitter:card\" content=\"summary_large_image\" \/>\n<script type=\"application\/ld+json\" class=\"yoast-schema-graph\">{\"@context\":\"https:\/\/schema.org\",\"@graph\":[{\"@type\":\"WebPage\",\"@id\":\"https:\/\/koldrefrigeration.com\/en\/contact-us\/\",\"url\":\"https:\/\/koldrefrigeration.com\/en\/contact-us\/\",\"name\":\"To contact our team | Kold Refrigeration\",\"isPartOf\":{\"@id\":\"https:\/\/koldrefrigeration.com\/en\/#website\"},\"datePublished\":\"2023-01-23T16:39:30+00:00\",\"dateModified\":\"2024-11-29T15:34:43+00:00\",\"description\":\"You have questions or specific requests? Find Kold Refrigeration's contact information or use the online submission form to contact us.\",\"breadcrumb\":{\"@id\":\"https:\/\/koldrefrigeration.com\/en\/contact-us\/#breadcrumb\"},\"inLanguage\":\"en-US\",\"potentialAction\":[{\"@type\":\"ReadAction\",\"target\":[\"https:\/\/koldrefrigeration.com\/en\/contact-us\/\"]}]},{\"@type\":\"BreadcrumbList\",\"@id\":\"https:\/\/koldrefrigeration.com\/en\/contact-us\/#breadcrumb\",\"itemListElement\":[{\"@type\":\"ListItem\",\"position\":1,\"name\":\"Accueil\",\"item\":\"https:\/\/koldrefrigeration.com\/en\/\"},{\"@type\":\"ListItem\",\"position\":2,\"name\":\"Contact us\"}]},{\"@type\":\"WebSite\",\"@id\":\"https:\/\/koldrefrigeration.com\/en\/#website\",\"url\":\"https:\/\/koldrefrigeration.com\/en\/\",\"name\":\"Kold R\u00e9frig\u00e9ration\",\"description\":\"Le froid a son \u00e9tat pur\",\"potentialAction\":[{\"@type\":\"SearchAction\",\"target\":{\"@type\":\"EntryPoint\",\"urlTemplate\":\"https:\/\/koldrefrigeration.com\/en\/?s={search_term_string}\"},\"query-input\":{\"@type\":\"PropertyValueSpecification\",\"valueRequired\":true,\"valueName\":\"search_term_string\"}}],\"inLanguage\":\"en-US\"}]}<\/script>\n<!-- \/ Yoast SEO plugin. -->","yoast_head_json":{"title":"To contact our team | Kold Refrigeration","description":"You have questions or specific requests? Find Kold Refrigeration's contact information or use the online submission form to contact us.","robots":{"index":"index","follow":"follow","max-snippet":"max-snippet:-1","max-image-preview":"max-image-preview:large","max-video-preview":"max-video-preview:-1"},"canonical":"https:\/\/koldrefrigeration.com\/en\/contact-us\/","og_locale":"en_US","og_type":"article","og_title":"To contact our team | Kold Refrigeration","og_description":"You have questions or specific requests? Find Kold Refrigeration's contact information or use the online submission form to contact us.","og_url":"https:\/\/koldrefrigeration.com\/en\/contact-us\/","og_site_name":"Kold R\u00e9frig\u00e9ration","article_modified_time":"2024-11-29T15:34:43+00:00","twitter_card":"summary_large_image","schema":{"@context":"https:\/\/schema.org","@graph":[{"@type":"WebPage","@id":"https:\/\/koldrefrigeration.com\/en\/contact-us\/","url":"https:\/\/koldrefrigeration.com\/en\/contact-us\/","name":"To contact our team | Kold Refrigeration","isPartOf":{"@id":"https:\/\/koldrefrigeration.com\/en\/#website"},"datePublished":"2023-01-23T16:39:30+00:00","dateModified":"2024-11-29T15:34:43+00:00","description":"You have questions or specific requests? Find Kold Refrigeration's contact information or use the online submission form to contact us.","breadcrumb":{"@id":"https:\/\/koldrefrigeration.com\/en\/contact-us\/#breadcrumb"},"inLanguage":"en-US","potentialAction":[{"@type":"ReadAction","target":["https:\/\/koldrefrigeration.com\/en\/contact-us\/"]}]},{"@type":"BreadcrumbList","@id":"https:\/\/koldrefrigeration.com\/en\/contact-us\/#breadcrumb","itemListElement":[{"@type":"ListItem","position":1,"name":"Accueil","item":"https:\/\/koldrefrigeration.com\/en\/"},{"@type":"ListItem","position":2,"name":"Contact us"}]},{"@type":"WebSite","@id":"https:\/\/koldrefrigeration.com\/en\/#website","url":"https:\/\/koldrefrigeration.com\/en\/","name":"Kold R\u00e9frig\u00e9ration","description":"Le froid a son \u00e9tat pur","potentialAction":[{"@type":"SearchAction","target":{"@type":"EntryPoint","urlTemplate":"https:\/\/koldrefrigeration.com\/en\/?s={search_term_string}"},"query-input":{"@type":"PropertyValueSpecification","valueRequired":true,"valueName":"search_term_string"}}],"inLanguage":"en-US"}]}},"_links":{"self":[{"href":"https:\/\/koldrefrigeration.com\/en\/wp-json\/wp\/v2\/pages\/224","targetHints":{"allow":["GET"]}}],"collection":[{"href":"https:\/\/koldrefrigeration.com\/en\/wp-json\/wp\/v2\/pages"}],"about":[{"href":"https:\/\/koldrefrigeration.com\/en\/wp-json\/wp\/v2\/types\/page"}],"author":[{"embeddable":true,"href":"https:\/\/koldrefrigeration.com\/en\/wp-json\/wp\/v2\/users\/1"}],"replies":[{"embeddable":true,"href":"https:\/\/koldrefrigeration.com\/en\/wp-json\/wp\/v2\/comments?post=224"}],"version-history":[{"count":3,"href":"https:\/\/koldrefrigeration.com\/en\/wp-json\/wp\/v2\/pages\/224\/revisions"}],"predecessor-version":[{"id":999,"href":"https:\/\/koldrefrigeration.com\/en\/wp-json\/wp\/v2\/pages\/224\/revisions\/999"}],"wp:attachment":[{"href":"https:\/\/koldrefrigeration.com\/en\/wp-json\/wp\/v2\/media?parent=224"}],"curies":[{"name":"wp","href":"https:\/\/api.w.org\/{rel}","templated":true}]}}